{"id":1400,"date":"2020-05-18T07:47:03","date_gmt":"2020-05-18T07:47:03","guid":{"rendered":"https:\/\/wizard-technology.com\/producto\/professional-ozone-generator\/"},"modified":"2021-02-02T12:33:57","modified_gmt":"2021-02-02T12:33:57","slug":"professional-ozone-generator","status":"publish","type":"product","link":"https:\/\/wizard-technology.com\/fr\/produit\/professional-ozone-generator\/","title":{"rendered":"G\u00e9n\u00e9rateur d&rsquo;ozone professionnel &#8211; Toto"},"content":{"rendered":"","protected":false},"excerpt":{"rendered":"","protected":false},"featured_media":6429,"template":"","meta":[],"product_brand":[],"product_cat":[80],"product_tag":[133],"class_list":{"0":"post-1400","1":"product","2":"type-product","3":"status-publish","4":"has-post-thumbnail","6":"product_cat-generateurs-ozone","7":"product_tag-1-fr","9":"first","10":"instock","11":"taxable","12":"shipping-taxable","13":"product-type-variable"},"yoast_head":"<!-- This site is optimized with the Yoast SEO plugin v27.3 - https:\/\/yoast.com\/product\/yoast-seo-wordpress\/ -->\n<title>Toto - G\u00e9n\u00e9rateur d&#039;Ozone Professionnel | WizardOzone<\/title>\n<meta name=\"description\" content=\"Acheter un g\u00e9n\u00e9rateur d&#039;ozone professionnel. D\u00e9sinfection des espaces contre les bact\u00e9ries et les virus : maison, voiture, h\u00f4tels, magasins. Achetez en ligne!\" \/>\n<meta name=\"robots\" content=\"index, follow, max-snippet:-1, max-image-preview:large, max-video-preview:-1\" \/>\n<link rel=\"canonical\" href=\"https:\/\/wizard-technology.com\/fr\/produit\/professional-ozone-generator\/\" \/>\n<meta property=\"og:locale\" content=\"fr_FR\" \/>\n<meta property=\"og:type\" content=\"article\" \/>\n<meta property=\"og:title\" content=\"Toto - G\u00e9n\u00e9rateur d&#039;Ozone Professionnel | WizardOzone\" \/>\n<meta property=\"og:description\" content=\"Acheter un g\u00e9n\u00e9rateur d&#039;ozone professionnel. D\u00e9sinfection des espaces contre les bact\u00e9ries et les virus : maison, voiture, h\u00f4tels, magasins. Achetez en ligne!\" \/>\n<meta property=\"og:url\" content=\"https:\/\/wizard-technology.com\/fr\/produit\/professional-ozone-generator\/\" \/>\n<meta property=\"og:site_name\" content=\"Wizard\" \/>\n<meta property=\"article:publisher\" content=\"https:\/\/www.facebook.com\/WizardOzone\/\" \/>\n<meta property=\"article:modified_time\" content=\"2021-02-02T12:33:57+00:00\" \/>\n<meta property=\"og:image\" content=\"https:\/\/wizard-technology.com\/wp-content\/uploads\/2020\/07\/FOTO-PRODUCTO-TOTO-PLATA.jpg\" \/>\n\t<meta property=\"og:image:width\" content=\"1026\" \/>\n\t<meta property=\"og:image:height\" content=\"989\" \/>\n\t<meta property=\"og:image:type\" content=\"image\/jpeg\" \/>\n<meta name=\"twitter:card\" content=\"summary_large_image\" \/>\n<script type=\"application\/ld+json\" class=\"yoast-schema-graph\">{\"@context\":\"https:\\\/\\\/schema.org\",\"@graph\":[{\"@type\":\"WebPage\",\"@id\":\"https:\\\/\\\/wizard-technology.com\\\/fr\\\/produit\\\/professional-ozone-generator\\\/\",\"url\":\"https:\\\/\\\/wizard-technology.com\\\/fr\\\/produit\\\/professional-ozone-generator\\\/\",\"name\":\"Toto - G\u00e9n\u00e9rateur d'Ozone Professionnel | WizardOzone\",\"isPartOf\":{\"@id\":\"https:\\\/\\\/wizard-technology.com\\\/fr\\\/#website\"},\"primaryImageOfPage\":{\"@id\":\"https:\\\/\\\/wizard-technology.com\\\/fr\\\/produit\\\/professional-ozone-generator\\\/#primaryimage\"},\"image\":{\"@id\":\"https:\\\/\\\/wizard-technology.com\\\/fr\\\/produit\\\/professional-ozone-generator\\\/#primaryimage\"},\"thumbnailUrl\":\"https:\\\/\\\/wizard-technology.com\\\/wp-content\\\/uploads\\\/2020\\\/07\\\/FOTO-PRODUCTO-TOTO-PLATA.jpg\",\"datePublished\":\"2020-05-18T07:47:03+00:00\",\"dateModified\":\"2021-02-02T12:33:57+00:00\",\"description\":\"Acheter un g\u00e9n\u00e9rateur d'ozone professionnel. D\u00e9sinfection des espaces contre les bact\u00e9ries et les virus : maison, voiture, h\u00f4tels, magasins. Achetez en ligne!\",\"breadcrumb\":{\"@id\":\"https:\\\/\\\/wizard-technology.com\\\/fr\\\/produit\\\/professional-ozone-generator\\\/#breadcrumb\"},\"inLanguage\":\"fr-FR\",\"potentialAction\":[{\"@type\":\"ReadAction\",\"target\":[\"https:\\\/\\\/wizard-technology.com\\\/fr\\\/produit\\\/professional-ozone-generator\\\/\"]}]},{\"@type\":\"ImageObject\",\"inLanguage\":\"fr-FR\",\"@id\":\"https:\\\/\\\/wizard-technology.com\\\/fr\\\/produit\\\/professional-ozone-generator\\\/#primaryimage\",\"url\":\"https:\\\/\\\/wizard-technology.com\\\/wp-content\\\/uploads\\\/2020\\\/07\\\/FOTO-PRODUCTO-TOTO-PLATA.jpg\",\"contentUrl\":\"https:\\\/\\\/wizard-technology.com\\\/wp-content\\\/uploads\\\/2020\\\/07\\\/FOTO-PRODUCTO-TOTO-PLATA.jpg\",\"width\":1026,\"height\":989},{\"@type\":\"BreadcrumbList\",\"@id\":\"https:\\\/\\\/wizard-technology.com\\\/fr\\\/produit\\\/professional-ozone-generator\\\/#breadcrumb\",\"itemListElement\":[{\"@type\":\"ListItem\",\"position\":1,\"name\":\"Portada\",\"item\":\"https:\\\/\\\/wizard-technology.com\\\/fr\\\/\"},{\"@type\":\"ListItem\",\"position\":2,\"name\":\"Produits\",\"item\":\"https:\\\/\\\/wizard-technology.com\\\/fr\\\/shop\\\/\"},{\"@type\":\"ListItem\",\"position\":3,\"name\":\"G\u00e9n\u00e9rateur d&rsquo;ozone professionnel &#8211; Toto\"}]},{\"@type\":\"WebSite\",\"@id\":\"https:\\\/\\\/wizard-technology.com\\\/fr\\\/#website\",\"url\":\"https:\\\/\\\/wizard-technology.com\\\/fr\\\/\",\"name\":\"Wizard\",\"description\":\"\",\"publisher\":{\"@id\":\"https:\\\/\\\/wizard-technology.com\\\/fr\\\/#organization\"},\"potentialAction\":[{\"@type\":\"SearchAction\",\"target\":{\"@type\":\"EntryPoint\",\"urlTemplate\":\"https:\\\/\\\/wizard-technology.com\\\/fr\\\/?s={search_term_string}\"},\"query-input\":{\"@type\":\"PropertyValueSpecification\",\"valueRequired\":true,\"valueName\":\"search_term_string\"}}],\"inLanguage\":\"fr-FR\"},{\"@type\":\"Organization\",\"@id\":\"https:\\\/\\\/wizard-technology.com\\\/fr\\\/#organization\",\"name\":\"Wizard Technology\",\"url\":\"https:\\\/\\\/wizard-technology.com\\\/fr\\\/\",\"logo\":{\"@type\":\"ImageObject\",\"inLanguage\":\"fr-FR\",\"@id\":\"https:\\\/\\\/wizard-technology.com\\\/fr\\\/#\\\/schema\\\/logo\\\/image\\\/\",\"url\":\"https:\\\/\\\/wizard-technology.com\\\/wp-content\\\/uploads\\\/2020\\\/05\\\/Wizardozone-logo-1.png\",\"contentUrl\":\"https:\\\/\\\/wizard-technology.com\\\/wp-content\\\/uploads\\\/2020\\\/05\\\/Wizardozone-logo-1.png\",\"width\":181,\"height\":60,\"caption\":\"Wizard Technology\"},\"image\":{\"@id\":\"https:\\\/\\\/wizard-technology.com\\\/fr\\\/#\\\/schema\\\/logo\\\/image\\\/\"},\"sameAs\":[\"https:\\\/\\\/www.facebook.com\\\/WizardOzone\\\/\",\"https:\\\/\\\/www.instagram.com\\\/wizardozone\\\/\",\"https:\\\/\\\/www.linkedin.com\\\/company\\\/wizard-ozone\\\/\"]}]}<\/script>\n<!-- \/ Yoast SEO plugin. -->","yoast_head_json":{"title":"Toto - G\u00e9n\u00e9rateur d'Ozone Professionnel | WizardOzone","description":"Acheter un g\u00e9n\u00e9rateur d'ozone professionnel. D\u00e9sinfection des espaces contre les bact\u00e9ries et les virus : maison, voiture, h\u00f4tels, magasins. Achetez en ligne!","robots":{"index":"index","follow":"follow","max-snippet":"max-snippet:-1","max-image-preview":"max-image-preview:large","max-video-preview":"max-video-preview:-1"},"canonical":"https:\/\/wizard-technology.com\/fr\/produit\/professional-ozone-generator\/","og_locale":"fr_FR","og_type":"article","og_title":"Toto - G\u00e9n\u00e9rateur d'Ozone Professionnel | WizardOzone","og_description":"Acheter un g\u00e9n\u00e9rateur d'ozone professionnel. D\u00e9sinfection des espaces contre les bact\u00e9ries et les virus : maison, voiture, h\u00f4tels, magasins. Achetez en ligne!","og_url":"https:\/\/wizard-technology.com\/fr\/produit\/professional-ozone-generator\/","og_site_name":"Wizard","article_publisher":"https:\/\/www.facebook.com\/WizardOzone\/","article_modified_time":"2021-02-02T12:33:57+00:00","og_image":[{"width":1026,"height":989,"url":"https:\/\/wizard-technology.com\/wp-content\/uploads\/2020\/07\/FOTO-PRODUCTO-TOTO-PLATA.jpg","type":"image\/jpeg"}],"twitter_card":"summary_large_image","schema":{"@context":"https:\/\/schema.org","@graph":[{"@type":"WebPage","@id":"https:\/\/wizard-technology.com\/fr\/produit\/professional-ozone-generator\/","url":"https:\/\/wizard-technology.com\/fr\/produit\/professional-ozone-generator\/","name":"Toto - G\u00e9n\u00e9rateur d'Ozone Professionnel | WizardOzone","isPartOf":{"@id":"https:\/\/wizard-technology.com\/fr\/#website"},"primaryImageOfPage":{"@id":"https:\/\/wizard-technology.com\/fr\/produit\/professional-ozone-generator\/#primaryimage"},"image":{"@id":"https:\/\/wizard-technology.com\/fr\/produit\/professional-ozone-generator\/#primaryimage"},"thumbnailUrl":"https:\/\/wizard-technology.com\/wp-content\/uploads\/2020\/07\/FOTO-PRODUCTO-TOTO-PLATA.jpg","datePublished":"2020-05-18T07:47:03+00:00","dateModified":"2021-02-02T12:33:57+00:00","description":"Acheter un g\u00e9n\u00e9rateur d'ozone professionnel. D\u00e9sinfection des espaces contre les bact\u00e9ries et les virus : maison, voiture, h\u00f4tels, magasins. Achetez en ligne!","breadcrumb":{"@id":"https:\/\/wizard-technology.com\/fr\/produit\/professional-ozone-generator\/#breadcrumb"},"inLanguage":"fr-FR","potentialAction":[{"@type":"ReadAction","target":["https:\/\/wizard-technology.com\/fr\/produit\/professional-ozone-generator\/"]}]},{"@type":"ImageObject","inLanguage":"fr-FR","@id":"https:\/\/wizard-technology.com\/fr\/produit\/professional-ozone-generator\/#primaryimage","url":"https:\/\/wizard-technology.com\/wp-content\/uploads\/2020\/07\/FOTO-PRODUCTO-TOTO-PLATA.jpg","contentUrl":"https:\/\/wizard-technology.com\/wp-content\/uploads\/2020\/07\/FOTO-PRODUCTO-TOTO-PLATA.jpg","width":1026,"height":989},{"@type":"BreadcrumbList","@id":"https:\/\/wizard-technology.com\/fr\/produit\/professional-ozone-generator\/#breadcrumb","itemListElement":[{"@type":"ListItem","position":1,"name":"Portada","item":"https:\/\/wizard-technology.com\/fr\/"},{"@type":"ListItem","position":2,"name":"Produits","item":"https:\/\/wizard-technology.com\/fr\/shop\/"},{"@type":"ListItem","position":3,"name":"G\u00e9n\u00e9rateur d&rsquo;ozone professionnel &#8211; Toto"}]},{"@type":"WebSite","@id":"https:\/\/wizard-technology.com\/fr\/#website","url":"https:\/\/wizard-technology.com\/fr\/","name":"Wizard","description":"","publisher":{"@id":"https:\/\/wizard-technology.com\/fr\/#organization"},"potentialAction":[{"@type":"SearchAction","target":{"@type":"EntryPoint","urlTemplate":"https:\/\/wizard-technology.com\/fr\/?s={search_term_string}"},"query-input":{"@type":"PropertyValueSpecification","valueRequired":true,"valueName":"search_term_string"}}],"inLanguage":"fr-FR"},{"@type":"Organization","@id":"https:\/\/wizard-technology.com\/fr\/#organization","name":"Wizard Technology","url":"https:\/\/wizard-technology.com\/fr\/","logo":{"@type":"ImageObject","inLanguage":"fr-FR","@id":"https:\/\/wizard-technology.com\/fr\/#\/schema\/logo\/image\/","url":"https:\/\/wizard-technology.com\/wp-content\/uploads\/2020\/05\/Wizardozone-logo-1.png","contentUrl":"https:\/\/wizard-technology.com\/wp-content\/uploads\/2020\/05\/Wizardozone-logo-1.png","width":181,"height":60,"caption":"Wizard Technology"},"image":{"@id":"https:\/\/wizard-technology.com\/fr\/#\/schema\/logo\/image\/"},"sameAs":["https:\/\/www.facebook.com\/WizardOzone\/","https:\/\/www.instagram.com\/wizardozone\/","https:\/\/www.linkedin.com\/company\/wizard-ozone\/"]}]}},"_links":{"self":[{"href":"https:\/\/wizard-technology.com\/fr\/wp-json\/wp\/v2\/product\/1400","targetHints":{"allow":["GET"]}}],"collection":[{"href":"https:\/\/wizard-technology.com\/fr\/wp-json\/wp\/v2\/product"}],"about":[{"href":"https:\/\/wizard-technology.com\/fr\/wp-json\/wp\/v2\/types\/product"}],"wp:featuredmedia":[{"embeddable":true,"href":"https:\/\/wizard-technology.com\/fr\/wp-json\/wp\/v2\/media\/6429"}],"wp:attachment":[{"href":"https:\/\/wizard-technology.com\/fr\/wp-json\/wp\/v2\/media?parent=1400"}],"wp:term":[{"taxonomy":"product_brand","embeddable":true,"href":"https:\/\/wizard-technology.com\/fr\/wp-json\/wp\/v2\/product_brand?post=1400"},{"taxonomy":"product_cat","embeddable":true,"href":"https:\/\/wizard-technology.com\/fr\/wp-json\/wp\/v2\/product_cat?post=1400"},{"taxonomy":"product_tag","embeddable":true,"href":"https:\/\/wizard-technology.com\/fr\/wp-json\/wp\/v2\/product_tag?post=1400"}],"curies":[{"name":"wp","href":"https:\/\/api.w.org\/{rel}","templated":true}]}}