{"id":8518,"date":"2021-04-01T15:19:30","date_gmt":"2021-04-01T15:19:30","guid":{"rendered":"https:\/\/wizard-technology.com\/sostenibilidad\/"},"modified":"2022-08-23T08:54:52","modified_gmt":"2022-08-23T08:54:52","slug":"durabilite","status":"publish","type":"page","link":"https:\/\/wizard-technology.com\/fr\/durabilite\/","title":{"rendered":"Durabilit\u00e9"},"content":{"rendered":"<p>[vc_row full_width=\u00a0\u00bbstretch_row\u00a0\u00bb full_height=\u00a0\u00bbyes\u00a0\u00bb css=\u00a0\u00bb.vc_custom_1616772578002{background-image: url(https:\/\/wizard-technology.com\/wp-content\/uploads\/2021\/03\/WIZARD-SOSTENIBILIDAD-CABECERA.jpg?id=8464) !important;background-position: center !important;background-repeat: no-repeat !important;background-size: cover !important;}\u00a0\u00bb][vc_column][vc_custom_heading text=\u00a0\u00bbTECHNOLOGIE RESPECTUEUSE DE L&rsquo;ENVIRONNEMENT\u00a0\u00bb font_container=\u00a0\u00bbtag:div|font_size:16px|text_align:center|color:%23ffffff\u00a0\u00bb use_theme_fonts=\u00a0\u00bbyes\u00a0\u00bb el_class=\u00a0\u00bbnew-subtitle\u00a0\u00bb][vc_custom_heading text=\u00a0\u00bbNous nous soucions de notre empreinte sur le monde\u00a0\u00bb font_container=\u00a0\u00bbtag:h2|text_align:center|color:%23ffffff\u00a0\u00bb use_theme_fonts=\u00a0\u00bbyes\u00a0\u00bb el_class=\u00a0\u00bbnew-title\u00a0\u00bb][vc_empty_space height=\u00a0\u00bb10px\u00a0\u00bb][vc_btn title=\u00a0\u00bbEn savoir plus\u00a0\u00bb style=\u00a0\u00bbcustom\u00a0\u00bb custom_background=\u00a0\u00bb#ffffff\u00a0\u00bb custom_text=\u00a0\u00bb#000000&Prime; shape=\u00a0\u00bbround\u00a0\u00bb align=\u00a0\u00bbcenter\u00a0\u00bb link=\u00a0\u00bburl:%23empieza|\u00a0\u00bb css=\u00a0\u00bb.vc_custom_1617802941248{border-bottom-width: 10px !important;padding-top: 10px !important;padding-right: 20px !important;padding-left: 20px !important;}\u00a0\u00bb el_class=\u00a0\u00bbwizard-sostenibilidad\u00a0\u00bb][\/vc_column][\/vc_row][vc_row el_id=\u00a0\u00bbempieza\u00a0\u00bb][vc_column][vc_custom_heading text=\u00a0\u00bbENGAGEMENT DURABLE\u00a0\u00bb font_container=\u00a0\u00bbtag:div|font_size:16px|text_align:left|color:%23000000&Prime; use_theme_fonts=\u00a0\u00bbyes\u00a0\u00bb][vc_custom_heading text=\u00a0\u00bbNous nous soucions de l&rsquo;air que vous respirez, nous nous soucions de la plan\u00e8te que vous habitez.\u00a0\u00bb font_container=\u00a0\u00bbtag:div|font_size:40px|text_align:left|color:%23000000&Prime; use_theme_fonts=\u00a0\u00bbyes\u00a0\u00bb][vc_column_text]<strong>Nous concevons des produits innovants avec des mat\u00e9riaux recycl\u00e9s<\/strong><\/p>\n<ul>\n<li>Tous les mat\u00e9riaux utilis\u00e9s dans notre processus de fabrication sont recycl\u00e9s \u00e0 plus de 50%.<\/li>\n<li>Notre technologie de d\u00e9sinfection ne produit ni d\u00e9chets ni produits chimiques dans l&rsquo;environnement.<\/li>\n<li>Nous suivons le mod\u00e8le d&rsquo;\u00e9conomie circulaire dans lequel nous r\u00e9duisons, r\u00e9utilisons et recyclons les \u00e9l\u00e9ments et les ressources de notre processus de production.<\/li>\n<\/ul>\n<p>[\/vc_column_text][vc_single_image image=\u00a0\u00bb8469&Prime; img_size=\u00a0\u00bbfull\u00a0\u00bb alignment=\u00a0\u00bbcenter\u00a0\u00bb][vc_empty_space height=\u00a0\u00bb60px\u00a0\u00bb][\/vc_column][\/vc_row][vc_row full_width=\u00a0\u00bbstretch_row\u00a0\u00bb css=\u00a0\u00bb.vc_custom_1616773395969{background-color: #3c3b3b !important;}\u00a0\u00bb][vc_column][vc_empty_space height=\u00a0\u00bb60px\u00a0\u00bb][vc_row_inner gap=\u00a0\u00bb35&Prime;][vc_column_inner width=\u00a0\u00bb1\/4&Prime; basel_text_align=\u00a0\u00bbcenter\u00a0\u00bb][vc_column_text basel_color_scheme=\u00a0\u00bblight\u00a0\u00bb]<\/p>\n<h3><strong>Design minimaliste<\/strong><\/h3>\n<p>Nous trouvons l&rsquo;\u00e9quilibre parfait entre fonctionnalit\u00e9 et design[\/vc_column_text][\/vc_column_inner][vc_column_inner width=\u00a0\u00bb1\/4&Prime; basel_text_align=\u00a0\u00bbcenter\u00a0\u00bb][vc_column_text basel_color_scheme=\u00a0\u00bblight\u00a0\u00bb]<\/p>\n<h3><strong>Mat\u00e9riaux recycl\u00e9s<\/strong><\/h3>\n<p>Nous utilisons de l&rsquo;aluminium et du fer recycl\u00e9s dans la fabrication de nos produits.[\/vc_column_text][\/vc_column_inner][vc_column_inner width=\u00a0\u00bb1\/4&Prime; basel_text_align=\u00a0\u00bbcenter\u00a0\u00bb][vc_column_text basel_color_scheme=\u00a0\u00bblight\u00a0\u00bb]<\/p>\n<h3><strong>Engagement environnemental<\/strong><\/h3>\n<p>Des solutions \u00e9cologiques, une d\u00e9sinfection sans produits chimiques ni r\u00e9sidus.[\/vc_column_text][\/vc_column_inner][vc_column_inner width=\u00a0\u00bb1\/4&Prime; basel_text_align=\u00a0\u00bbcenter\u00a0\u00bb][vc_column_text basel_color_scheme=\u00a0\u00bblight\u00a0\u00bb]<\/p>\n<h3><strong>Fabriqu\u00e9 en Europe<\/strong><\/h3>\n<p>De la conception au produit fini[\/vc_column_text][\/vc_column_inner][\/vc_row_inner][vc_empty_space height=\u00a0\u00bb60px\u00a0\u00bb][\/vc_column][\/vc_row][vc_row full_width=\u00a0\u00bbstretch_row\u00a0\u00bb css=\u00a0\u00bb.vc_custom_1616773400512{background-image: url(https:\/\/wizard-technology.com\/wp-content\/uploads\/2021\/03\/WIZARD-SOSTENIBILIDAD-01.jpg?id=8474) !important;}\u00a0\u00bb][vc_column][vc_empty_space height=\u00a0\u00bb160px\u00a0\u00bb][vc_custom_heading text=\u00a0\u00bbS\u00dbR, EFFICACE ET CONSCIENT\u00a0\u00bb font_container=\u00a0\u00bbtag:div|font_size:16px|text_align:center|color:%23ffffff\u00a0\u00bb use_theme_fonts=\u00a0\u00bbyes\u00a0\u00bb el_class=\u00a0\u00bbnew-subtitle\u00a0\u00bb][vc_custom_heading text=\u00a0\u00bbFaire du monde un endroit plus durable\u00a0\u00bb font_container=\u00a0\u00bbtag:h2|text_align:center|color:%23ffffff\u00a0\u00bb use_theme_fonts=\u00a0\u00bbyes\u00a0\u00bb el_class=\u00a0\u00bbnew-title\u00a0\u00bb][vc_column_text basel_color_scheme=\u00a0\u00bblight\u00a0\u00bb el_class=\u00a0\u00bbmax900&Prime;]<\/p>\n<p style=\"text-align: center;\"><span data-sheets-value=\"{&quot;1&quot;:2,&quot;2&quot;:&quot;Chez Wizard, nous nous engageons en faveur d'une gestion durable, contribuant \u00e0 cr\u00e9er un meilleur avenir pour tous. Nous utilisons des technologies de pointe pour aider nos clients \u00e0 vivre de mani\u00e8re plus confortable, plus saine et plus verte, en utilisant des produits respectueux de l'environnement.&quot;}\" data-sheets-userformat=\"{&quot;2&quot;:769,&quot;3&quot;:{&quot;1&quot;:0},&quot;11&quot;:4,&quot;12&quot;:0}\">Chez Wizard, nous nous engageons en faveur d&rsquo;une gestion durable, contribuant \u00e0 cr\u00e9er un meilleur avenir pour tous. Nous utilisons des technologies de pointe pour aider nos clients \u00e0 vivre de mani\u00e8re plus confortable, plus saine et plus verte, en utilisant des produits respectueux de l&rsquo;environnement.<\/span><\/p>\n<p>[\/vc_column_text][vc_empty_space height=\u00a0\u00bb160px\u00a0\u00bb][\/vc_column][\/vc_row]<\/p>\n","protected":false},"excerpt":{"rendered":"<p>[vc_row full_width=\u00a0\u00bbstretch_row\u00a0\u00bb full_height=\u00a0\u00bbyes\u00a0\u00bb css=\u00a0\u00bb.vc_custom_1616772578002{background-image: url(https:\/\/wizard-technology.com\/wp-content\/uploads\/2021\/03\/WIZARD-SOSTENIBILIDAD-CABECERA.jpg?id=8464) !important;background-position: center !important;background-repeat: no-repeat !important;background-size: cover !important;}\u00a0\u00bb][vc_column][vc_custom_heading text=\u00a0\u00bbTECHNOLOGIE RESPECTUEUSE DE L&rsquo;ENVIRONNEMENT\u00a0\u00bb font_container=\u00a0\u00bbtag:div|font_size:16px|text_align:center|color:%23ffffff\u00a0\u00bb use_theme_fonts=\u00a0\u00bbyes\u00a0\u00bb el_class=\u00a0\u00bbnew-subtitle\u00a0\u00bb][vc_custom_heading text=\u00a0\u00bbNous<\/p>\n","protected":false},"author":1,"featured_media":0,"parent":0,"menu_order":0,"comment_status":"closed","ping_status":"closed","template":"","meta":{"footnotes":""},"class_list":["post-8518","page","type-page","status-publish","hentry"],"yoast_head":"<!-- This site is optimized with the Yoast SEO plugin v27.4 - https:\/\/yoast.com\/product\/yoast-seo-wordpress\/ -->\n<title>Durabilit\u00e9 | Wizard<\/title>\n<meta name=\"robots\" content=\"index, follow, max-snippet:-1, max-image-preview:large, max-video-preview:-1\" \/>\n<link rel=\"canonical\" href=\"https:\/\/wizard-technology.com\/fr\/durabilite\/\" \/>\n<meta property=\"og:locale\" content=\"fr_FR\" \/>\n<meta property=\"og:type\" content=\"article\" \/>\n<meta property=\"og:title\" content=\"Durabilit\u00e9 | Wizard\" \/>\n<meta property=\"og:description\" content=\"[vc_row full_width=\u00a0\u00bbstretch_row\u00a0\u00bb full_height=\u00a0\u00bbyes\u00a0\u00bb css=\u00a0\u00bb.vc_custom_1616772578002{background-image: url(https:\/\/wizard-technology.com\/wp-content\/uploads\/2021\/03\/WIZARD-SOSTENIBILIDAD-CABECERA.jpg?id=8464) !important;background-position: center !important;background-repeat: no-repeat !important;background-size: cover !important;}\u00a0\u00bb][vc_column][vc_custom_heading text=\u00a0\u00bbTECHNOLOGIE RESPECTUEUSE DE L&rsquo;ENVIRONNEMENT\u00a0\u00bb font_container=\u00a0\u00bbtag:div|font_size:16px|text_align:center|color:%23ffffff\u00a0\u00bb use_theme_fonts=\u00a0\u00bbyes\u00a0\u00bb el_class=\u00a0\u00bbnew-subtitle\u00a0\u00bb][vc_custom_heading text=\u00a0\u00bbNous\" \/>\n<meta property=\"og:url\" content=\"https:\/\/wizard-technology.com\/fr\/durabilite\/\" \/>\n<meta property=\"og:site_name\" content=\"Wizard\" \/>\n<meta property=\"article:publisher\" content=\"https:\/\/www.facebook.com\/WizardOzone\/\" \/>\n<meta property=\"article:modified_time\" content=\"2022-08-23T08:54:52+00:00\" \/>\n<meta name=\"twitter:card\" content=\"summary_large_image\" \/>\n<meta name=\"twitter:label1\" content=\"Dur\u00e9e de lecture estim\u00e9e\" \/>\n\t<meta name=\"twitter:data1\" content=\"2 minutes\" \/>\n<script type=\"application\/ld+json\" class=\"yoast-schema-graph\">{\"@context\":\"https:\\\/\\\/schema.org\",\"@graph\":[{\"@type\":\"WebPage\",\"@id\":\"https:\\\/\\\/wizard-technology.com\\\/fr\\\/durabilite\\\/\",\"url\":\"https:\\\/\\\/wizard-technology.com\\\/fr\\\/durabilite\\\/\",\"name\":\"Durabilit\u00e9 | Wizard\",\"isPartOf\":{\"@id\":\"https:\\\/\\\/wizard-technology.com\\\/fr\\\/#website\"},\"datePublished\":\"2021-04-01T15:19:30+00:00\",\"dateModified\":\"2022-08-23T08:54:52+00:00\",\"breadcrumb\":{\"@id\":\"https:\\\/\\\/wizard-technology.com\\\/fr\\\/durabilite\\\/#breadcrumb\"},\"inLanguage\":\"fr-FR\",\"potentialAction\":[{\"@type\":\"ReadAction\",\"target\":[\"https:\\\/\\\/wizard-technology.com\\\/fr\\\/durabilite\\\/\"]}]},{\"@type\":\"BreadcrumbList\",\"@id\":\"https:\\\/\\\/wizard-technology.com\\\/fr\\\/durabilite\\\/#breadcrumb\",\"itemListElement\":[{\"@type\":\"ListItem\",\"position\":1,\"name\":\"Portada\",\"item\":\"https:\\\/\\\/wizard-technology.com\\\/fr\\\/\"},{\"@type\":\"ListItem\",\"position\":2,\"name\":\"Durabilit\u00e9\"}]},{\"@type\":\"WebSite\",\"@id\":\"https:\\\/\\\/wizard-technology.com\\\/fr\\\/#website\",\"url\":\"https:\\\/\\\/wizard-technology.com\\\/fr\\\/\",\"name\":\"Wizard\",\"description\":\"\",\"publisher\":{\"@id\":\"https:\\\/\\\/wizard-technology.com\\\/fr\\\/#organization\"},\"potentialAction\":[{\"@type\":\"SearchAction\",\"target\":{\"@type\":\"EntryPoint\",\"urlTemplate\":\"https:\\\/\\\/wizard-technology.com\\\/fr\\\/?s={search_term_string}\"},\"query-input\":{\"@type\":\"PropertyValueSpecification\",\"valueRequired\":true,\"valueName\":\"search_term_string\"}}],\"inLanguage\":\"fr-FR\"},{\"@type\":\"Organization\",\"@id\":\"https:\\\/\\\/wizard-technology.com\\\/fr\\\/#organization\",\"name\":\"Wizard Technology\",\"url\":\"https:\\\/\\\/wizard-technology.com\\\/fr\\\/\",\"logo\":{\"@type\":\"ImageObject\",\"inLanguage\":\"fr-FR\",\"@id\":\"https:\\\/\\\/wizard-technology.com\\\/fr\\\/#\\\/schema\\\/logo\\\/image\\\/\",\"url\":\"https:\\\/\\\/wizard-technology.com\\\/wp-content\\\/uploads\\\/2020\\\/05\\\/Wizardozone-logo-1.png\",\"contentUrl\":\"https:\\\/\\\/wizard-technology.com\\\/wp-content\\\/uploads\\\/2020\\\/05\\\/Wizardozone-logo-1.png\",\"width\":181,\"height\":60,\"caption\":\"Wizard Technology\"},\"image\":{\"@id\":\"https:\\\/\\\/wizard-technology.com\\\/fr\\\/#\\\/schema\\\/logo\\\/image\\\/\"},\"sameAs\":[\"https:\\\/\\\/www.facebook.com\\\/WizardOzone\\\/\",\"https:\\\/\\\/www.instagram.com\\\/wizardozone\\\/\",\"https:\\\/\\\/www.linkedin.com\\\/company\\\/wizard-ozone\\\/\"]}]}<\/script>\n<!-- \/ Yoast SEO plugin. -->","yoast_head_json":{"title":"Durabilit\u00e9 | Wizard","robots":{"index":"index","follow":"follow","max-snippet":"max-snippet:-1","max-image-preview":"max-image-preview:large","max-video-preview":"max-video-preview:-1"},"canonical":"https:\/\/wizard-technology.com\/fr\/durabilite\/","og_locale":"fr_FR","og_type":"article","og_title":"Durabilit\u00e9 | Wizard","og_description":"[vc_row full_width=\u00a0\u00bbstretch_row\u00a0\u00bb full_height=\u00a0\u00bbyes\u00a0\u00bb css=\u00a0\u00bb.vc_custom_1616772578002{background-image: url(https:\/\/wizard-technology.com\/wp-content\/uploads\/2021\/03\/WIZARD-SOSTENIBILIDAD-CABECERA.jpg?id=8464) !important;background-position: center !important;background-repeat: no-repeat !important;background-size: cover !important;}\u00a0\u00bb][vc_column][vc_custom_heading text=\u00a0\u00bbTECHNOLOGIE RESPECTUEUSE DE L&rsquo;ENVIRONNEMENT\u00a0\u00bb font_container=\u00a0\u00bbtag:div|font_size:16px|text_align:center|color:%23ffffff\u00a0\u00bb use_theme_fonts=\u00a0\u00bbyes\u00a0\u00bb el_class=\u00a0\u00bbnew-subtitle\u00a0\u00bb][vc_custom_heading text=\u00a0\u00bbNous","og_url":"https:\/\/wizard-technology.com\/fr\/durabilite\/","og_site_name":"Wizard","article_publisher":"https:\/\/www.facebook.com\/WizardOzone\/","article_modified_time":"2022-08-23T08:54:52+00:00","twitter_card":"summary_large_image","twitter_misc":{"Dur\u00e9e de lecture estim\u00e9e":"2 minutes"},"schema":{"@context":"https:\/\/schema.org","@graph":[{"@type":"WebPage","@id":"https:\/\/wizard-technology.com\/fr\/durabilite\/","url":"https:\/\/wizard-technology.com\/fr\/durabilite\/","name":"Durabilit\u00e9 | Wizard","isPartOf":{"@id":"https:\/\/wizard-technology.com\/fr\/#website"},"datePublished":"2021-04-01T15:19:30+00:00","dateModified":"2022-08-23T08:54:52+00:00","breadcrumb":{"@id":"https:\/\/wizard-technology.com\/fr\/durabilite\/#breadcrumb"},"inLanguage":"fr-FR","potentialAction":[{"@type":"ReadAction","target":["https:\/\/wizard-technology.com\/fr\/durabilite\/"]}]},{"@type":"BreadcrumbList","@id":"https:\/\/wizard-technology.com\/fr\/durabilite\/#breadcrumb","itemListElement":[{"@type":"ListItem","position":1,"name":"Portada","item":"https:\/\/wizard-technology.com\/fr\/"},{"@type":"ListItem","position":2,"name":"Durabilit\u00e9"}]},{"@type":"WebSite","@id":"https:\/\/wizard-technology.com\/fr\/#website","url":"https:\/\/wizard-technology.com\/fr\/","name":"Wizard","description":"","publisher":{"@id":"https:\/\/wizard-technology.com\/fr\/#organization"},"potentialAction":[{"@type":"SearchAction","target":{"@type":"EntryPoint","urlTemplate":"https:\/\/wizard-technology.com\/fr\/?s={search_term_string}"},"query-input":{"@type":"PropertyValueSpecification","valueRequired":true,"valueName":"search_term_string"}}],"inLanguage":"fr-FR"},{"@type":"Organization","@id":"https:\/\/wizard-technology.com\/fr\/#organization","name":"Wizard Technology","url":"https:\/\/wizard-technology.com\/fr\/","logo":{"@type":"ImageObject","inLanguage":"fr-FR","@id":"https:\/\/wizard-technology.com\/fr\/#\/schema\/logo\/image\/","url":"https:\/\/wizard-technology.com\/wp-content\/uploads\/2020\/05\/Wizardozone-logo-1.png","contentUrl":"https:\/\/wizard-technology.com\/wp-content\/uploads\/2020\/05\/Wizardozone-logo-1.png","width":181,"height":60,"caption":"Wizard Technology"},"image":{"@id":"https:\/\/wizard-technology.com\/fr\/#\/schema\/logo\/image\/"},"sameAs":["https:\/\/www.facebook.com\/WizardOzone\/","https:\/\/www.instagram.com\/wizardozone\/","https:\/\/www.linkedin.com\/company\/wizard-ozone\/"]}]}},"_links":{"self":[{"href":"https:\/\/wizard-technology.com\/fr\/wp-json\/wp\/v2\/pages\/8518","targetHints":{"allow":["GET"]}}],"collection":[{"href":"https:\/\/wizard-technology.com\/fr\/wp-json\/wp\/v2\/pages"}],"about":[{"href":"https:\/\/wizard-technology.com\/fr\/wp-json\/wp\/v2\/types\/page"}],"author":[{"embeddable":true,"href":"https:\/\/wizard-technology.com\/fr\/wp-json\/wp\/v2\/users\/1"}],"replies":[{"embeddable":true,"href":"https:\/\/wizard-technology.com\/fr\/wp-json\/wp\/v2\/comments?post=8518"}],"version-history":[{"count":11,"href":"https:\/\/wizard-technology.com\/fr\/wp-json\/wp\/v2\/pages\/8518\/revisions"}],"predecessor-version":[{"id":12157,"href":"https:\/\/wizard-technology.com\/fr\/wp-json\/wp\/v2\/pages\/8518\/revisions\/12157"}],"wp:attachment":[{"href":"https:\/\/wizard-technology.com\/fr\/wp-json\/wp\/v2\/media?parent=8518"}],"curies":[{"name":"wp","href":"https:\/\/api.w.org\/{rel}","templated":true}]}}