{"id":1453,"date":"2020-05-28T06:47:24","date_gmt":"2020-05-28T06:47:24","guid":{"rendered":"https:\/\/wizard-technology.com\/politique-de-remboursement\/"},"modified":"2021-02-02T12:13:06","modified_gmt":"2021-02-02T12:13:06","slug":"politica-de-remboursement","status":"publish","type":"page","link":"https:\/\/wizard-technology.com\/fr\/politica-de-remboursement\/","title":{"rendered":"Politique de Remboursement"},"content":{"rendered":"<p>[vc_row][vc_column width=\u00a0\u00bb1\/4&Prime;][\/vc_column][vc_column width=\u00a0\u00bb1\/2&Prime;][vc_column_text]<\/p>\n<h1><strong>POLITIQUE DE REMBOURSEMENT<\/strong><\/h1>\n<p><em>En cas de r\u00e9tractation, suivez les instructions de la\u00a0<strong>section \u201cA\u201d<\/strong>.<\/em><\/p>\n<p><em>En cas de cassure, de dommages caus\u00e9s par les colis ou de dysfonctionnement, suivez la\u00a0<strong>section \u201cB\u201d.<\/strong><\/em><\/p>\n<p><strong>A.- S\u2019il s\u2019agit de sa propre r\u00e9traction<\/strong><\/p>\n<p>Vous disposez d\u2019un d\u00e9lai de 14 jours calendrier pour retourner l\u2019article \u00e0 partir du moment o\u00f9 vous recevez le colis chez vous.<\/p>\n<p><strong>Nous n\u2019accepterons pas d\u2019articles qui ont \u00e9t\u00e9 manipul\u00e9s autrement que comme n\u00e9cessaire pour \u00e9tablir leur nature, leurs caract\u00e9ristiques ou leur fonctionnement.<\/strong><\/p>\n<p>Si, par exemple, vous pr\u00e9f\u00e9rez un autre produit, vous devez passer une nouvelle commande dans notre boutique en ligne.<\/p>\n<p><strong>Comment peut-on effectuer un retour ?<\/strong><\/p>\n<p>Si vous voulez retourner un article, suivez les \u00e9tapes suivantes :<\/p>\n<p><strong>\u00c9TAPE 1 : Remplir le formulaire<\/strong><\/p>\n<p>Remplissez le formulaire de retour\/retrait suivant<strong>\u00a0:\u00a0<\/strong>TELECHARGER<\/p>\n<p>Envoyez-le ensuite<strong>\u00a0\u00e0 CALLE LEVANTE SN. POLIGONO INDUSTRIAL LOS VIENTOS- 46119- NAQUERA- VALENCIA. et en imprimer une copie pour la mettre dans le paquet \u00e0 retourner.<\/strong><\/p>\n<p><strong>\u00c9TAPE 2 : Pr\u00e9parer un nouveau paquet<\/strong><\/p>\n<p>Une fois que vous avez imprim\u00e9 votre bordereau de retour,\u00a0<strong>pr\u00e9parez un nouveau paquet avec le bordereau de retour \u00e0 l\u2019int\u00e9rieur<\/strong>. Veuillez nous envoyer les articles\u00a0<strong>bien prot\u00e9g\u00e9s par un emballage ext\u00e9rieur suppl\u00e9mentaire, comme vous l\u2019avez re\u00e7u \u00e0 la maison<\/strong>, afin d\u2019\u00e9viter tout dommage \u00e9ventuel pendant le transport. Veuillez\u00a0<strong>ne pas attacher d\u2019\u00e9tiquettes ou de ruban adh\u00e9sif \u00e0 la bo\u00eete d\u2019origine de l\u2019article.<\/strong><\/p>\n<p><strong>\u00c9TAPE 3 : Envoyez le paquet.<\/strong><\/p>\n<p><strong>Envoyez le colis \u00e0 l\u2019adresse indiqu\u00e9e sur votre formulaire de retour.<\/strong><\/p>\n<p><strong>\u00c9TAPE 4 : Remboursement de l\u2019argent.<\/strong><\/p>\n<p>Une fois que nous aurons g\u00e9r\u00e9 votre remboursement<strong>, tous les paiements, y compris les frais d\u2019exp\u00e9dition, seront rembours\u00e9s lorsqu\u2019il s\u2019agit de la modalit\u00e9 de livraison ordinaire la moins co\u00fbteuse dans un d\u00e9lai maximum de 14 jours calendrier<\/strong>. L\u2019argent sera rembours\u00e9 selon le mode de paiement que vous avez utilis\u00e9 lors de la commande.<\/p>\n<p>Si vous souhaitez recevoir le m\u00eame produit ou un produit alternatif, vous devez passer une nouvelle commande sur notre site web et payer \u00e0 nouveau les frais d\u2019exp\u00e9dition.<\/p>\n<p>Veuillez noter que s\u2019il s\u2019agit d\u2019un retour sous garantie, la gestion, la d\u00e9cision de changer et\/ou de r\u00e9parer le produit d\u00e9pend exclusivement de la marque ou du fabricant. Le temps d\u2019attente varie en fonction du temps de gestion du service technique de chaque marque. La d\u00e9cision de changer ou de r\u00e9parer l\u2019article d\u00e9pendra exclusivement de la marque ou du fabricant. Une fois que nous aurons re\u00e7u la r\u00e9ponse de la marque, nous vous informerons si la garantie a \u00e9t\u00e9 accept\u00e9e et, dans l\u2019affirmative, la marque accepte de r\u00e9parer ou de remplacer le produit.<\/p>\n<p><strong>B.- Si vous recevez un article erron\u00e9, endommag\u00e9 ou d\u00e9fectueux, suivez les \u00e9tapes suivantes :<\/strong><\/p>\n<p><strong>\u00c9TAPE 1 :\u00a0<\/strong>T\u00e9l\u00e9chargez et remplissez le formulaire suivant : TELECHARGER<\/p>\n<p>Envoyez-le ensuite \u00e0\u00a0<strong>lemar@lemarleben.com<\/strong>\u00a0avec une photo du produit endommag\u00e9, en gardant une copie \u00e0 joindre au colis.<\/p>\n<p><strong>\u00c9TAPE 2 :<\/strong><\/p>\n<p><strong>Des produits erron\u00e9es\u00a0:<\/strong><\/p>\n<p>\u2013 Dans le cas o\u00f9 vous auriez re\u00e7u un mauvais produit\u00a0<strong>LEMAR\u00a0LEBEN GROUP, S.L. s\u2019engage \u00e0 vous envoyer le bon produit dans les plus brefs d\u00e9lais en service d\u2019\u00e9change,\u00a0<\/strong>c\u2019est-\u00e0-dire que notre transport vous livrera le bon produit et prendra le mauvais pour le renvoyer \u00e0 notre entrep\u00f4t.<\/p>\n<p>\u2013\u00a0<strong>\u00a0Vous disposez de 30 jours civils pour faire une demande de remboursement, en envoyant le formulaire rempli accompagn\u00e9 d\u2019une photo du mauvais article.<\/strong><\/p>\n<p><strong>Produits endommag\u00e9s ou cass\u00e9s :<\/strong><\/p>\n<p>\u2013 \u00a0<strong>Si les marchandises pr\u00e9sentent des dommages visibles sur l\u2019emballage, vous devez le signaler \u00e0 l\u2019agence sur le bon de livraison et prendre une photo des dommages avant de d\u00e9baller pour nous l\u2019envoyer.<\/strong><\/p>\n<p><strong>En cas de rupture\/endommagement du produit*<a href=\"https:\/\/wizard-technology.com\/fr\/politique-de-remboursement\/#_ftn1\" name=\"_ftnref1\">[1]<\/a>, LEMAR LEBEN GROUP, SL. s\u2019engage \u00e0 envoyer un autre produit en parfait \u00e9tat.<\/strong><\/p>\n<p><a href=\"https:\/\/wizard-technology.com\/fr\/politique-de-remboursement\/#_ftnref1\" name=\"_ftn1\">[1]<\/a>\u00a0Del original \u2018producto*\u00b4no obstante el original no tiene * a pie de p\u00e1gina.[\/vc_column_text][\/vc_column][vc_column width=\u00a0\u00bb1\/4&Prime;][\/vc_column][\/vc_row]<\/p>\n","protected":false},"excerpt":{"rendered":"<p>[vc_row][vc_column width=\u00a0\u00bb1\/4&Prime;][\/vc_column][vc_column width=\u00a0\u00bb1\/2&Prime;][vc_column_text] POLITIQUE DE REMBOURSEMENT En cas de r\u00e9tractation, suivez les instructions de la\u00a0section \u201cA\u201d. En cas de cassure,<\/p>\n","protected":false},"author":1,"featured_media":0,"parent":0,"menu_order":1000,"comment_status":"closed","ping_status":"closed","template":"","meta":{"footnotes":""},"class_list":["post-1453","page","type-page","status-publish","hentry"],"yoast_head":"<!-- This site is optimized with the Yoast SEO plugin v27.3 - https:\/\/yoast.com\/product\/yoast-seo-wordpress\/ -->\n<title>Politique de Remboursement | Wizard<\/title>\n<meta name=\"robots\" content=\"noindex, nofollow\" \/>\n<meta property=\"og:locale\" content=\"fr_FR\" \/>\n<meta property=\"og:type\" content=\"article\" \/>\n<meta property=\"og:title\" content=\"Politique de Remboursement | Wizard\" \/>\n<meta property=\"og:description\" content=\"[vc_row][vc_column width=\u00a0\u00bb1\/4&Prime;][\/vc_column][vc_column width=\u00a0\u00bb1\/2&Prime;][vc_column_text] POLITIQUE DE REMBOURSEMENT En cas de r\u00e9tractation, suivez les instructions de la\u00a0section \u201cA\u201d. En cas de cassure,\" \/>\n<meta property=\"og:url\" content=\"https:\/\/wizard-technology.com\/fr\/politica-de-remboursement\/\" \/>\n<meta property=\"og:site_name\" content=\"Wizard\" \/>\n<meta property=\"article:publisher\" content=\"https:\/\/www.facebook.com\/WizardOzone\/\" \/>\n<meta property=\"article:modified_time\" content=\"2021-02-02T12:13:06+00:00\" \/>\n<meta name=\"twitter:card\" content=\"summary_large_image\" \/>\n<meta name=\"twitter:label1\" content=\"Dur\u00e9e de lecture estim\u00e9e\" \/>\n\t<meta name=\"twitter:data1\" content=\"3 minutes\" \/>\n<script type=\"application\/ld+json\" class=\"yoast-schema-graph\">{\"@context\":\"https:\\\/\\\/schema.org\",\"@graph\":[{\"@type\":\"WebPage\",\"@id\":\"https:\\\/\\\/wizard-technology.com\\\/fr\\\/politica-de-remboursement\\\/\",\"url\":\"https:\\\/\\\/wizard-technology.com\\\/fr\\\/politica-de-remboursement\\\/\",\"name\":\"Politique de Remboursement | Wizard\",\"isPartOf\":{\"@id\":\"https:\\\/\\\/wizard-technology.com\\\/fr\\\/#website\"},\"datePublished\":\"2020-05-28T06:47:24+00:00\",\"dateModified\":\"2021-02-02T12:13:06+00:00\",\"breadcrumb\":{\"@id\":\"https:\\\/\\\/wizard-technology.com\\\/fr\\\/politica-de-remboursement\\\/#breadcrumb\"},\"inLanguage\":\"fr-FR\",\"potentialAction\":[{\"@type\":\"ReadAction\",\"target\":[\"https:\\\/\\\/wizard-technology.com\\\/fr\\\/politica-de-remboursement\\\/\"]}]},{\"@type\":\"BreadcrumbList\",\"@id\":\"https:\\\/\\\/wizard-technology.com\\\/fr\\\/politica-de-remboursement\\\/#breadcrumb\",\"itemListElement\":[{\"@type\":\"ListItem\",\"position\":1,\"name\":\"Portada\",\"item\":\"https:\\\/\\\/wizard-technology.com\\\/fr\\\/\"},{\"@type\":\"ListItem\",\"position\":2,\"name\":\"Politique de Remboursement\"}]},{\"@type\":\"WebSite\",\"@id\":\"https:\\\/\\\/wizard-technology.com\\\/fr\\\/#website\",\"url\":\"https:\\\/\\\/wizard-technology.com\\\/fr\\\/\",\"name\":\"Wizard\",\"description\":\"\",\"publisher\":{\"@id\":\"https:\\\/\\\/wizard-technology.com\\\/fr\\\/#organization\"},\"potentialAction\":[{\"@type\":\"SearchAction\",\"target\":{\"@type\":\"EntryPoint\",\"urlTemplate\":\"https:\\\/\\\/wizard-technology.com\\\/fr\\\/?s={search_term_string}\"},\"query-input\":{\"@type\":\"PropertyValueSpecification\",\"valueRequired\":true,\"valueName\":\"search_term_string\"}}],\"inLanguage\":\"fr-FR\"},{\"@type\":\"Organization\",\"@id\":\"https:\\\/\\\/wizard-technology.com\\\/fr\\\/#organization\",\"name\":\"Wizard Technology\",\"url\":\"https:\\\/\\\/wizard-technology.com\\\/fr\\\/\",\"logo\":{\"@type\":\"ImageObject\",\"inLanguage\":\"fr-FR\",\"@id\":\"https:\\\/\\\/wizard-technology.com\\\/fr\\\/#\\\/schema\\\/logo\\\/image\\\/\",\"url\":\"https:\\\/\\\/wizard-technology.com\\\/wp-content\\\/uploads\\\/2020\\\/05\\\/Wizardozone-logo-1.png\",\"contentUrl\":\"https:\\\/\\\/wizard-technology.com\\\/wp-content\\\/uploads\\\/2020\\\/05\\\/Wizardozone-logo-1.png\",\"width\":181,\"height\":60,\"caption\":\"Wizard Technology\"},\"image\":{\"@id\":\"https:\\\/\\\/wizard-technology.com\\\/fr\\\/#\\\/schema\\\/logo\\\/image\\\/\"},\"sameAs\":[\"https:\\\/\\\/www.facebook.com\\\/WizardOzone\\\/\",\"https:\\\/\\\/www.instagram.com\\\/wizardozone\\\/\",\"https:\\\/\\\/www.linkedin.com\\\/company\\\/wizard-ozone\\\/\"]}]}<\/script>\n<!-- \/ Yoast SEO plugin. -->","yoast_head_json":{"title":"Politique de Remboursement | Wizard","robots":{"index":"noindex","follow":"nofollow"},"og_locale":"fr_FR","og_type":"article","og_title":"Politique de Remboursement | Wizard","og_description":"[vc_row][vc_column width=\u00a0\u00bb1\/4&Prime;][\/vc_column][vc_column width=\u00a0\u00bb1\/2&Prime;][vc_column_text] POLITIQUE DE REMBOURSEMENT En cas de r\u00e9tractation, suivez les instructions de la\u00a0section \u201cA\u201d. En cas de cassure,","og_url":"https:\/\/wizard-technology.com\/fr\/politica-de-remboursement\/","og_site_name":"Wizard","article_publisher":"https:\/\/www.facebook.com\/WizardOzone\/","article_modified_time":"2021-02-02T12:13:06+00:00","twitter_card":"summary_large_image","twitter_misc":{"Dur\u00e9e de lecture estim\u00e9e":"3 minutes"},"schema":{"@context":"https:\/\/schema.org","@graph":[{"@type":"WebPage","@id":"https:\/\/wizard-technology.com\/fr\/politica-de-remboursement\/","url":"https:\/\/wizard-technology.com\/fr\/politica-de-remboursement\/","name":"Politique de Remboursement | Wizard","isPartOf":{"@id":"https:\/\/wizard-technology.com\/fr\/#website"},"datePublished":"2020-05-28T06:47:24+00:00","dateModified":"2021-02-02T12:13:06+00:00","breadcrumb":{"@id":"https:\/\/wizard-technology.com\/fr\/politica-de-remboursement\/#breadcrumb"},"inLanguage":"fr-FR","potentialAction":[{"@type":"ReadAction","target":["https:\/\/wizard-technology.com\/fr\/politica-de-remboursement\/"]}]},{"@type":"BreadcrumbList","@id":"https:\/\/wizard-technology.com\/fr\/politica-de-remboursement\/#breadcrumb","itemListElement":[{"@type":"ListItem","position":1,"name":"Portada","item":"https:\/\/wizard-technology.com\/fr\/"},{"@type":"ListItem","position":2,"name":"Politique de Remboursement"}]},{"@type":"WebSite","@id":"https:\/\/wizard-technology.com\/fr\/#website","url":"https:\/\/wizard-technology.com\/fr\/","name":"Wizard","description":"","publisher":{"@id":"https:\/\/wizard-technology.com\/fr\/#organization"},"potentialAction":[{"@type":"SearchAction","target":{"@type":"EntryPoint","urlTemplate":"https:\/\/wizard-technology.com\/fr\/?s={search_term_string}"},"query-input":{"@type":"PropertyValueSpecification","valueRequired":true,"valueName":"search_term_string"}}],"inLanguage":"fr-FR"},{"@type":"Organization","@id":"https:\/\/wizard-technology.com\/fr\/#organization","name":"Wizard Technology","url":"https:\/\/wizard-technology.com\/fr\/","logo":{"@type":"ImageObject","inLanguage":"fr-FR","@id":"https:\/\/wizard-technology.com\/fr\/#\/schema\/logo\/image\/","url":"https:\/\/wizard-technology.com\/wp-content\/uploads\/2020\/05\/Wizardozone-logo-1.png","contentUrl":"https:\/\/wizard-technology.com\/wp-content\/uploads\/2020\/05\/Wizardozone-logo-1.png","width":181,"height":60,"caption":"Wizard Technology"},"image":{"@id":"https:\/\/wizard-technology.com\/fr\/#\/schema\/logo\/image\/"},"sameAs":["https:\/\/www.facebook.com\/WizardOzone\/","https:\/\/www.instagram.com\/wizardozone\/","https:\/\/www.linkedin.com\/company\/wizard-ozone\/"]}]}},"_links":{"self":[{"href":"https:\/\/wizard-technology.com\/fr\/wp-json\/wp\/v2\/pages\/1453","targetHints":{"allow":["GET"]}}],"collection":[{"href":"https:\/\/wizard-technology.com\/fr\/wp-json\/wp\/v2\/pages"}],"about":[{"href":"https:\/\/wizard-technology.com\/fr\/wp-json\/wp\/v2\/types\/page"}],"author":[{"embeddable":true,"href":"https:\/\/wizard-technology.com\/fr\/wp-json\/wp\/v2\/users\/1"}],"replies":[{"embeddable":true,"href":"https:\/\/wizard-technology.com\/fr\/wp-json\/wp\/v2\/comments?post=1453"}],"version-history":[{"count":7,"href":"https:\/\/wizard-technology.com\/fr\/wp-json\/wp\/v2\/pages\/1453\/revisions"}],"predecessor-version":[{"id":7844,"href":"https:\/\/wizard-technology.com\/fr\/wp-json\/wp\/v2\/pages\/1453\/revisions\/7844"}],"wp:attachment":[{"href":"https:\/\/wizard-technology.com\/fr\/wp-json\/wp\/v2\/media?parent=1453"}],"curies":[{"name":"wp","href":"https:\/\/api.w.org\/{rel}","templated":true}]}}