{"id":8512,"date":"2021-04-01T15:18:39","date_gmt":"2021-04-01T15:18:39","guid":{"rendered":"https:\/\/wizard-technology.com\/sostenibilidad\/"},"modified":"2022-08-23T08:54:46","modified_gmt":"2022-08-23T08:54:46","slug":"sustainability","status":"publish","type":"page","link":"https:\/\/wizard-technology.com\/en\/sustainability\/","title":{"rendered":"Sustainability"},"content":{"rendered":"<p>[vc_row full_width=&#8221;stretch_row&#8221; full_height=&#8221;yes&#8221; css=&#8221;.vc_custom_1616772578002{background-image: url(https:\/\/wizard-technology.com\/wp-content\/uploads\/2021\/03\/WIZARD-SOSTENIBILIDAD-CABECERA.jpg?id=8464) !important;background-position: center !important;background-repeat: no-repeat !important;background-size: cover !important;}&#8221;][vc_column][vc_custom_heading text=&#8221;TECNOLOG\u00cdA RESPETUOSA CON EL MEDIO AMBIENTE&#8221; font_container=&#8221;tag:div|font_size:16px|text_align:center|color:%23ffffff&#8221; use_theme_fonts=&#8221;yes&#8221; el_class=&#8221;new-subtitle&#8221;][vc_custom_heading text=&#8221;Cuidamos nuestra huella en el mundo&#8221; font_container=&#8221;tag:h2|text_align:center|color:%23ffffff&#8221; use_theme_fonts=&#8221;yes&#8221; el_class=&#8221;new-title&#8221;][vc_empty_space height=&#8221;10px&#8221;][vc_btn title=&#8221;Descubre m\u00e1s&#8221; style=&#8221;custom&#8221; custom_background=&#8221;#ffffff&#8221; custom_text=&#8221;#000000&#8243; shape=&#8221;round&#8221; align=&#8221;center&#8221; link=&#8221;url:%23empieza|&#8221; css=&#8221;.vc_custom_1616774877336{border-bottom-width: 10px !important;padding-top: 10px !important;padding-right: 20px !important;padding-left: 20px !important;}&#8221; el_class=&#8221;wizard-sostenibilidad&#8221;][\/vc_column][\/vc_row][vc_row el_id=&#8221;empieza&#8221;][vc_column][vc_custom_heading text=&#8221;COMPROMISO SOSTENIBLE&#8221; font_container=&#8221;tag:div|font_size:16px|text_align:left|color:%23000000&#8243; use_theme_fonts=&#8221;yes&#8221;][vc_custom_heading text=&#8221;Cuidamos del aire que respiras, cuidamos del planeta que habitas&#8221; font_container=&#8221;tag:div|font_size:40px|text_align:left|color:%23000000&#8243; use_theme_fonts=&#8221;yes&#8221;][vc_column_text]<strong>Dise\u00f1amos productos innovadores con materiales reciclados<\/strong><\/p>\n<ul>\n<li>Todos los materiales utilizados en nuestro proceso de fabricaci\u00f3n han sido reciclados en m\u00e1s de un 50%.<\/li>\n<li>Nuestra tecnolog\u00eda de desinfecci\u00f3n no produce residuos ni qu\u00edmicos en el medio ambiente.<\/li>\n<li>Seguimos el modelo de econom\u00eda circular d\u00f3nde reducimos, reutilizamos y reciclamos elementos y recursos de nuestro proceso de producci\u00f3n.<\/li>\n<\/ul>\n<p>[\/vc_column_text][vc_single_image image=&#8221;8469&#8243; img_size=&#8221;full&#8221; alignment=&#8221;center&#8221;][vc_empty_space height=&#8221;60px&#8221;][\/vc_column][\/vc_row][vc_row full_width=&#8221;stretch_row&#8221; css=&#8221;.vc_custom_1616773395969{background-color: #3c3b3b !important;}&#8221;][vc_column][vc_empty_space height=&#8221;60px&#8221;][vc_row_inner gap=&#8221;35&#8243;][vc_column_inner width=&#8221;1\/4&#8243; basel_text_align=&#8221;center&#8221;][vc_column_text basel_color_scheme=&#8221;light&#8221;]<\/p>\n<h3><strong>Dise\u00f1o minimalista<\/strong><\/h3>\n<p>Encontramos el equilibrio perfecto entre funcionalidad y dise\u00f1o[\/vc_column_text][\/vc_column_inner][vc_column_inner width=&#8221;1\/4&#8243; basel_text_align=&#8221;center&#8221;][vc_column_text basel_color_scheme=&#8221;light&#8221;]<\/p>\n<h3><strong>Materiales reciclados<\/strong><\/h3>\n<p>Utilizamos aluminio y hierro reciclado en la fabricaci\u00f3n de nuestros productos[\/vc_column_text][\/vc_column_inner][vc_column_inner width=&#8221;1\/4&#8243; basel_text_align=&#8221;center&#8221;][vc_column_text basel_color_scheme=&#8221;light&#8221;]<\/p>\n<h3><strong>Compromiso medioambiental<\/strong><\/h3>\n<p>Soluciones eco-friendly, una desinfecci\u00f3n sin qu\u00edmicos ni residuos[\/vc_column_text][\/vc_column_inner][vc_column_inner width=&#8221;1\/4&#8243; basel_text_align=&#8221;center&#8221;][vc_column_text basel_color_scheme=&#8221;light&#8221;]<\/p>\n<h3><strong>Made in Europe<\/strong><\/h3>\n<p>Desde el dise\u00f1o hasta obtener el producto terminado[\/vc_column_text][\/vc_column_inner][\/vc_row_inner][vc_empty_space height=&#8221;60px&#8221;][\/vc_column][\/vc_row][vc_row full_width=&#8221;stretch_row&#8221; css=&#8221;.vc_custom_1616773400512{background-image: url(https:\/\/wizard-technology.com\/wp-content\/uploads\/2021\/03\/WIZARD-SOSTENIBILIDAD-01.jpg?id=8474) !important;}&#8221;][vc_column][vc_empty_space height=&#8221;160px&#8221;][vc_custom_heading text=&#8221;SEGURO, EFICIENTE Y CONSCIENTE&#8221; font_container=&#8221;tag:div|font_size:16px|text_align:center|color:%23ffffff&#8221; use_theme_fonts=&#8221;yes&#8221; el_class=&#8221;new-subtitle&#8221;][vc_custom_heading text=&#8221;Haciendo del mundo un lugar m\u00e1s sostenible&#8221; font_container=&#8221;tag:h2|text_align:center|color:%23ffffff&#8221; use_theme_fonts=&#8221;yes&#8221; el_class=&#8221;new-title&#8221;][vc_column_text basel_color_scheme=&#8221;light&#8221; el_class=&#8221;max900&#8243;]<\/p>\n<p style=\"text-align: center;\">En Wizard tenemos un compromiso de gesti\u00f3n sostenible contribuyendo a crear un mejor futuro para todos. Empleamos tecnolog\u00eda vanguardista para que nuestros clientes vivan de manera m\u00e1s c\u00f3moda, saludable y ecol\u00f3gica, utilizando productos respetuosos con el medio ambiente.<\/p>\n<p>[\/vc_column_text][vc_empty_space height=&#8221;160px&#8221;][\/vc_column][\/vc_row]<\/p>\n","protected":false},"excerpt":{"rendered":"<p>[vc_row full_width=&#8221;stretch_row&#8221; full_height=&#8221;yes&#8221; css=&#8221;.vc_custom_1616772578002{background-image: url(https:\/\/wizard-technology.com\/wp-content\/uploads\/2021\/03\/WIZARD-SOSTENIBILIDAD-CABECERA.jpg?id=8464) !important;background-position: center !important;background-repeat: no-repeat !important;background-size: cover !important;}&#8221;][vc_column][vc_custom_heading text=&#8221;TECNOLOG\u00cdA RESPETUOSA CON EL MEDIO AMBIENTE&#8221; font_container=&#8221;tag:div|font_size:16px|text_align:center|color:%23ffffff&#8221; use_theme_fonts=&#8221;yes&#8221;<\/p>\n","protected":false},"author":1,"featured_media":0,"parent":0,"menu_order":0,"comment_status":"closed","ping_status":"closed","template":"","meta":{"footnotes":""},"class_list":["post-8512","page","type-page","status-publish","hentry"],"yoast_head":"<!-- This site is optimized with the Yoast SEO plugin v27.3 - https:\/\/yoast.com\/product\/yoast-seo-wordpress\/ -->\n<title>Sustainability | Wizard<\/title>\n<meta name=\"robots\" content=\"index, follow, max-snippet:-1, max-image-preview:large, max-video-preview:-1\" \/>\n<link rel=\"canonical\" href=\"https:\/\/wizard-technology.com\/en\/sustainability\/\" \/>\n<meta property=\"og:locale\" content=\"en_US\" \/>\n<meta property=\"og:type\" content=\"article\" \/>\n<meta property=\"og:title\" content=\"Sustainability | Wizard\" \/>\n<meta property=\"og:description\" content=\"[vc_row full_width=&#8221;stretch_row&#8221; full_height=&#8221;yes&#8221; css=&#8221;.vc_custom_1616772578002{background-image: url(https:\/\/wizard-technology.com\/wp-content\/uploads\/2021\/03\/WIZARD-SOSTENIBILIDAD-CABECERA.jpg?id=8464) !important;background-position: center !important;background-repeat: no-repeat !important;background-size: cover !important;}&#8221;][vc_column][vc_custom_heading text=&#8221;TECNOLOG\u00cdA RESPETUOSA CON EL MEDIO AMBIENTE&#8221; font_container=&#8221;tag:div|font_size:16px|text_align:center|color:%23ffffff&#8221; use_theme_fonts=&#8221;yes&#8221;\" \/>\n<meta property=\"og:url\" content=\"https:\/\/wizard-technology.com\/en\/sustainability\/\" \/>\n<meta property=\"og:site_name\" content=\"Wizard\" \/>\n<meta property=\"article:publisher\" content=\"https:\/\/www.facebook.com\/WizardOzone\/\" \/>\n<meta property=\"article:modified_time\" content=\"2022-08-23T08:54:46+00:00\" \/>\n<meta name=\"twitter:card\" content=\"summary_large_image\" \/>\n<meta name=\"twitter:label1\" content=\"Est. reading time\" \/>\n\t<meta name=\"twitter:data1\" content=\"2 minutes\" \/>\n<script type=\"application\/ld+json\" class=\"yoast-schema-graph\">{\"@context\":\"https:\\\/\\\/schema.org\",\"@graph\":[{\"@type\":\"WebPage\",\"@id\":\"https:\\\/\\\/wizard-technology.com\\\/en\\\/sustainability\\\/\",\"url\":\"https:\\\/\\\/wizard-technology.com\\\/en\\\/sustainability\\\/\",\"name\":\"Sustainability | Wizard\",\"isPartOf\":{\"@id\":\"https:\\\/\\\/wizard-technology.com\\\/en\\\/#website\"},\"datePublished\":\"2021-04-01T15:18:39+00:00\",\"dateModified\":\"2022-08-23T08:54:46+00:00\",\"breadcrumb\":{\"@id\":\"https:\\\/\\\/wizard-technology.com\\\/en\\\/sustainability\\\/#breadcrumb\"},\"inLanguage\":\"en-US\",\"potentialAction\":[{\"@type\":\"ReadAction\",\"target\":[\"https:\\\/\\\/wizard-technology.com\\\/en\\\/sustainability\\\/\"]}]},{\"@type\":\"BreadcrumbList\",\"@id\":\"https:\\\/\\\/wizard-technology.com\\\/en\\\/sustainability\\\/#breadcrumb\",\"itemListElement\":[{\"@type\":\"ListItem\",\"position\":1,\"name\":\"Portada\",\"item\":\"https:\\\/\\\/wizard-technology.com\\\/en\\\/\"},{\"@type\":\"ListItem\",\"position\":2,\"name\":\"Sustainability\"}]},{\"@type\":\"WebSite\",\"@id\":\"https:\\\/\\\/wizard-technology.com\\\/en\\\/#website\",\"url\":\"https:\\\/\\\/wizard-technology.com\\\/en\\\/\",\"name\":\"Wizard\",\"description\":\"\",\"publisher\":{\"@id\":\"https:\\\/\\\/wizard-technology.com\\\/en\\\/#organization\"},\"potentialAction\":[{\"@type\":\"SearchAction\",\"target\":{\"@type\":\"EntryPoint\",\"urlTemplate\":\"https:\\\/\\\/wizard-technology.com\\\/en\\\/?s={search_term_string}\"},\"query-input\":{\"@type\":\"PropertyValueSpecification\",\"valueRequired\":true,\"valueName\":\"search_term_string\"}}],\"inLanguage\":\"en-US\"},{\"@type\":\"Organization\",\"@id\":\"https:\\\/\\\/wizard-technology.com\\\/en\\\/#organization\",\"name\":\"Wizard Technology\",\"url\":\"https:\\\/\\\/wizard-technology.com\\\/en\\\/\",\"logo\":{\"@type\":\"ImageObject\",\"inLanguage\":\"en-US\",\"@id\":\"https:\\\/\\\/wizard-technology.com\\\/en\\\/#\\\/schema\\\/logo\\\/image\\\/\",\"url\":\"https:\\\/\\\/wizard-technology.com\\\/wp-content\\\/uploads\\\/2020\\\/05\\\/Wizardozone-logo-1.png\",\"contentUrl\":\"https:\\\/\\\/wizard-technology.com\\\/wp-content\\\/uploads\\\/2020\\\/05\\\/Wizardozone-logo-1.png\",\"width\":181,\"height\":60,\"caption\":\"Wizard Technology\"},\"image\":{\"@id\":\"https:\\\/\\\/wizard-technology.com\\\/en\\\/#\\\/schema\\\/logo\\\/image\\\/\"},\"sameAs\":[\"https:\\\/\\\/www.facebook.com\\\/WizardOzone\\\/\",\"https:\\\/\\\/www.instagram.com\\\/wizardozone\\\/\",\"https:\\\/\\\/www.linkedin.com\\\/company\\\/wizard-ozone\\\/\"]}]}<\/script>\n<!-- \/ Yoast SEO plugin. -->","yoast_head_json":{"title":"Sustainability | Wizard","robots":{"index":"index","follow":"follow","max-snippet":"max-snippet:-1","max-image-preview":"max-image-preview:large","max-video-preview":"max-video-preview:-1"},"canonical":"https:\/\/wizard-technology.com\/en\/sustainability\/","og_locale":"en_US","og_type":"article","og_title":"Sustainability | Wizard","og_description":"[vc_row full_width=&#8221;stretch_row&#8221; full_height=&#8221;yes&#8221; css=&#8221;.vc_custom_1616772578002{background-image: url(https:\/\/wizard-technology.com\/wp-content\/uploads\/2021\/03\/WIZARD-SOSTENIBILIDAD-CABECERA.jpg?id=8464) !important;background-position: center !important;background-repeat: no-repeat !important;background-size: cover !important;}&#8221;][vc_column][vc_custom_heading text=&#8221;TECNOLOG\u00cdA RESPETUOSA CON EL MEDIO AMBIENTE&#8221; font_container=&#8221;tag:div|font_size:16px|text_align:center|color:%23ffffff&#8221; use_theme_fonts=&#8221;yes&#8221;","og_url":"https:\/\/wizard-technology.com\/en\/sustainability\/","og_site_name":"Wizard","article_publisher":"https:\/\/www.facebook.com\/WizardOzone\/","article_modified_time":"2022-08-23T08:54:46+00:00","twitter_card":"summary_large_image","twitter_misc":{"Est. reading time":"2 minutes"},"schema":{"@context":"https:\/\/schema.org","@graph":[{"@type":"WebPage","@id":"https:\/\/wizard-technology.com\/en\/sustainability\/","url":"https:\/\/wizard-technology.com\/en\/sustainability\/","name":"Sustainability | Wizard","isPartOf":{"@id":"https:\/\/wizard-technology.com\/en\/#website"},"datePublished":"2021-04-01T15:18:39+00:00","dateModified":"2022-08-23T08:54:46+00:00","breadcrumb":{"@id":"https:\/\/wizard-technology.com\/en\/sustainability\/#breadcrumb"},"inLanguage":"en-US","potentialAction":[{"@type":"ReadAction","target":["https:\/\/wizard-technology.com\/en\/sustainability\/"]}]},{"@type":"BreadcrumbList","@id":"https:\/\/wizard-technology.com\/en\/sustainability\/#breadcrumb","itemListElement":[{"@type":"ListItem","position":1,"name":"Portada","item":"https:\/\/wizard-technology.com\/en\/"},{"@type":"ListItem","position":2,"name":"Sustainability"}]},{"@type":"WebSite","@id":"https:\/\/wizard-technology.com\/en\/#website","url":"https:\/\/wizard-technology.com\/en\/","name":"Wizard","description":"","publisher":{"@id":"https:\/\/wizard-technology.com\/en\/#organization"},"potentialAction":[{"@type":"SearchAction","target":{"@type":"EntryPoint","urlTemplate":"https:\/\/wizard-technology.com\/en\/?s={search_term_string}"},"query-input":{"@type":"PropertyValueSpecification","valueRequired":true,"valueName":"search_term_string"}}],"inLanguage":"en-US"},{"@type":"Organization","@id":"https:\/\/wizard-technology.com\/en\/#organization","name":"Wizard Technology","url":"https:\/\/wizard-technology.com\/en\/","logo":{"@type":"ImageObject","inLanguage":"en-US","@id":"https:\/\/wizard-technology.com\/en\/#\/schema\/logo\/image\/","url":"https:\/\/wizard-technology.com\/wp-content\/uploads\/2020\/05\/Wizardozone-logo-1.png","contentUrl":"https:\/\/wizard-technology.com\/wp-content\/uploads\/2020\/05\/Wizardozone-logo-1.png","width":181,"height":60,"caption":"Wizard Technology"},"image":{"@id":"https:\/\/wizard-technology.com\/en\/#\/schema\/logo\/image\/"},"sameAs":["https:\/\/www.facebook.com\/WizardOzone\/","https:\/\/www.instagram.com\/wizardozone\/","https:\/\/www.linkedin.com\/company\/wizard-ozone\/"]}]}},"_links":{"self":[{"href":"https:\/\/wizard-technology.com\/en\/wp-json\/wp\/v2\/pages\/8512","targetHints":{"allow":["GET"]}}],"collection":[{"href":"https:\/\/wizard-technology.com\/en\/wp-json\/wp\/v2\/pages"}],"about":[{"href":"https:\/\/wizard-technology.com\/en\/wp-json\/wp\/v2\/types\/page"}],"author":[{"embeddable":true,"href":"https:\/\/wizard-technology.com\/en\/wp-json\/wp\/v2\/users\/1"}],"replies":[{"embeddable":true,"href":"https:\/\/wizard-technology.com\/en\/wp-json\/wp\/v2\/comments?post=8512"}],"version-history":[{"count":10,"href":"https:\/\/wizard-technology.com\/en\/wp-json\/wp\/v2\/pages\/8512\/revisions"}],"predecessor-version":[{"id":12154,"href":"https:\/\/wizard-technology.com\/en\/wp-json\/wp\/v2\/pages\/8512\/revisions\/12154"}],"wp:attachment":[{"href":"https:\/\/wizard-technology.com\/en\/wp-json\/wp\/v2\/media?parent=8512"}],"curies":[{"name":"wp","href":"https:\/\/api.w.org\/{rel}","templated":true}]}}