{"id":1553,"date":"2020-05-18T07:48:31","date_gmt":"2020-05-18T07:48:31","guid":{"rendered":"https:\/\/wizard-technology.com\/producto\/ozonschrank\/"},"modified":"2021-06-09T16:00:53","modified_gmt":"2021-06-09T16:00:53","slug":"ozonschrank","status":"publish","type":"product","link":"https:\/\/wizard-technology.com\/de\/produkt\/ozonschrank\/","title":{"rendered":"Ozonschrank &#8211; Woodman"},"content":{"rendered":"","protected":false},"excerpt":{"rendered":"","protected":false},"featured_media":11754,"template":"","meta":[],"product_brand":[],"product_cat":[106],"product_tag":[153],"class_list":{"0":"post-1553","1":"product","2":"type-product","3":"status-publish","4":"has-post-thumbnail","6":"product_cat-ohne-kategorie","7":"product_tag-5-de","9":"first","10":"outofstock","11":"taxable","12":"shipping-taxable","13":"product-type-variable"},"yoast_head":"<!-- This site is optimized with the Yoast SEO plugin v27.3 - https:\/\/yoast.com\/product\/yoast-seo-wordpress\/ -->\n<title>Woodman - Ozonschrank - Virus-Desinfektion | WizardOzone<\/title>\n<meta name=\"description\" content=\"Kaufen Sie Ozonschrank. Desinfektion von R\u00e4umen gegen Bakterien und Viren: Krankenh\u00e4user, Kliniken, Hotels, Gesch\u00e4fte. Professionelle Qualit\u00e4t\" \/>\n<meta name=\"robots\" content=\"index, follow, max-snippet:-1, max-image-preview:large, max-video-preview:-1\" \/>\n<link rel=\"canonical\" href=\"https:\/\/wizard-technology.com\/de\/produkt\/ozonschrank\/\" \/>\n<meta property=\"og:locale\" content=\"de_DE\" \/>\n<meta property=\"og:type\" content=\"article\" \/>\n<meta property=\"og:title\" content=\"Woodman - Ozonschrank - Virus-Desinfektion | WizardOzone\" \/>\n<meta property=\"og:description\" content=\"Kaufen Sie Ozonschrank. Desinfektion von R\u00e4umen gegen Bakterien und Viren: Krankenh\u00e4user, Kliniken, Hotels, Gesch\u00e4fte. Professionelle Qualit\u00e4t\" \/>\n<meta property=\"og:url\" content=\"https:\/\/wizard-technology.com\/de\/produkt\/ozonschrank\/\" \/>\n<meta property=\"og:site_name\" content=\"Wizard\" \/>\n<meta property=\"article:publisher\" content=\"https:\/\/www.facebook.com\/WizardOzone\/\" \/>\n<meta property=\"article:modified_time\" content=\"2021-06-09T16:00:53+00:00\" \/>\n<meta property=\"og:image\" content=\"https:\/\/wizard-technology.com\/wp-content\/uploads\/2020\/05\/WOODMAN-PRODUCTO-2-1.jpg\" \/>\n\t<meta property=\"og:image:width\" content=\"1026\" \/>\n\t<meta property=\"og:image:height\" content=\"989\" \/>\n\t<meta property=\"og:image:type\" content=\"image\/jpeg\" \/>\n<meta name=\"twitter:card\" content=\"summary_large_image\" \/>\n<script type=\"application\/ld+json\" class=\"yoast-schema-graph\">{\"@context\":\"https:\\\/\\\/schema.org\",\"@graph\":[{\"@type\":\"WebPage\",\"@id\":\"https:\\\/\\\/wizard-technology.com\\\/de\\\/produkt\\\/ozonschrank\\\/\",\"url\":\"https:\\\/\\\/wizard-technology.com\\\/de\\\/produkt\\\/ozonschrank\\\/\",\"name\":\"Woodman - Ozonschrank - Virus-Desinfektion | WizardOzone\",\"isPartOf\":{\"@id\":\"https:\\\/\\\/wizard-technology.com\\\/de\\\/#website\"},\"primaryImageOfPage\":{\"@id\":\"https:\\\/\\\/wizard-technology.com\\\/de\\\/produkt\\\/ozonschrank\\\/#primaryimage\"},\"image\":{\"@id\":\"https:\\\/\\\/wizard-technology.com\\\/de\\\/produkt\\\/ozonschrank\\\/#primaryimage\"},\"thumbnailUrl\":\"https:\\\/\\\/wizard-technology.com\\\/wp-content\\\/uploads\\\/2020\\\/05\\\/wizard-technology-woodman-03.png\",\"datePublished\":\"2020-05-18T07:48:31+00:00\",\"dateModified\":\"2021-06-09T16:00:53+00:00\",\"description\":\"Kaufen Sie Ozonschrank. Desinfektion von R\u00e4umen gegen Bakterien und Viren: Krankenh\u00e4user, Kliniken, Hotels, Gesch\u00e4fte. Professionelle Qualit\u00e4t\",\"breadcrumb\":{\"@id\":\"https:\\\/\\\/wizard-technology.com\\\/de\\\/produkt\\\/ozonschrank\\\/#breadcrumb\"},\"inLanguage\":\"de\",\"potentialAction\":[{\"@type\":\"ReadAction\",\"target\":[\"https:\\\/\\\/wizard-technology.com\\\/de\\\/produkt\\\/ozonschrank\\\/\"]}]},{\"@type\":\"ImageObject\",\"inLanguage\":\"de\",\"@id\":\"https:\\\/\\\/wizard-technology.com\\\/de\\\/produkt\\\/ozonschrank\\\/#primaryimage\",\"url\":\"https:\\\/\\\/wizard-technology.com\\\/wp-content\\\/uploads\\\/2020\\\/05\\\/wizard-technology-woodman-03.png\",\"contentUrl\":\"https:\\\/\\\/wizard-technology.com\\\/wp-content\\\/uploads\\\/2020\\\/05\\\/wizard-technology-woodman-03.png\",\"width\":1026,\"height\":989},{\"@type\":\"BreadcrumbList\",\"@id\":\"https:\\\/\\\/wizard-technology.com\\\/de\\\/produkt\\\/ozonschrank\\\/#breadcrumb\",\"itemListElement\":[{\"@type\":\"ListItem\",\"position\":1,\"name\":\"Portada\",\"item\":\"https:\\\/\\\/wizard-technology.com\\\/de\\\/\"},{\"@type\":\"ListItem\",\"position\":2,\"name\":\"Produkte\",\"item\":\"https:\\\/\\\/wizard-technology.com\\\/de\\\/shop\\\/\"},{\"@type\":\"ListItem\",\"position\":3,\"name\":\"Ozonschrank &#8211; Woodman\"}]},{\"@type\":\"WebSite\",\"@id\":\"https:\\\/\\\/wizard-technology.com\\\/de\\\/#website\",\"url\":\"https:\\\/\\\/wizard-technology.com\\\/de\\\/\",\"name\":\"Wizard\",\"description\":\"\",\"publisher\":{\"@id\":\"https:\\\/\\\/wizard-technology.com\\\/de\\\/#organization\"},\"potentialAction\":[{\"@type\":\"SearchAction\",\"target\":{\"@type\":\"EntryPoint\",\"urlTemplate\":\"https:\\\/\\\/wizard-technology.com\\\/de\\\/?s={search_term_string}\"},\"query-input\":{\"@type\":\"PropertyValueSpecification\",\"valueRequired\":true,\"valueName\":\"search_term_string\"}}],\"inLanguage\":\"de\"},{\"@type\":\"Organization\",\"@id\":\"https:\\\/\\\/wizard-technology.com\\\/de\\\/#organization\",\"name\":\"Wizard Technology\",\"url\":\"https:\\\/\\\/wizard-technology.com\\\/de\\\/\",\"logo\":{\"@type\":\"ImageObject\",\"inLanguage\":\"de\",\"@id\":\"https:\\\/\\\/wizard-technology.com\\\/de\\\/#\\\/schema\\\/logo\\\/image\\\/\",\"url\":\"https:\\\/\\\/wizard-technology.com\\\/wp-content\\\/uploads\\\/2020\\\/05\\\/Wizardozone-logo-1.png\",\"contentUrl\":\"https:\\\/\\\/wizard-technology.com\\\/wp-content\\\/uploads\\\/2020\\\/05\\\/Wizardozone-logo-1.png\",\"width\":181,\"height\":60,\"caption\":\"Wizard Technology\"},\"image\":{\"@id\":\"https:\\\/\\\/wizard-technology.com\\\/de\\\/#\\\/schema\\\/logo\\\/image\\\/\"},\"sameAs\":[\"https:\\\/\\\/www.facebook.com\\\/WizardOzone\\\/\",\"https:\\\/\\\/www.instagram.com\\\/wizardozone\\\/\",\"https:\\\/\\\/www.linkedin.com\\\/company\\\/wizard-ozone\\\/\"]}]}<\/script>\n<!-- \/ Yoast SEO plugin. -->","yoast_head_json":{"title":"Woodman - Ozonschrank - Virus-Desinfektion | WizardOzone","description":"Kaufen Sie Ozonschrank. Desinfektion von R\u00e4umen gegen Bakterien und Viren: Krankenh\u00e4user, Kliniken, Hotels, Gesch\u00e4fte. Professionelle Qualit\u00e4t","robots":{"index":"index","follow":"follow","max-snippet":"max-snippet:-1","max-image-preview":"max-image-preview:large","max-video-preview":"max-video-preview:-1"},"canonical":"https:\/\/wizard-technology.com\/de\/produkt\/ozonschrank\/","og_locale":"de_DE","og_type":"article","og_title":"Woodman - Ozonschrank - Virus-Desinfektion | WizardOzone","og_description":"Kaufen Sie Ozonschrank. Desinfektion von R\u00e4umen gegen Bakterien und Viren: Krankenh\u00e4user, Kliniken, Hotels, Gesch\u00e4fte. Professionelle Qualit\u00e4t","og_url":"https:\/\/wizard-technology.com\/de\/produkt\/ozonschrank\/","og_site_name":"Wizard","article_publisher":"https:\/\/www.facebook.com\/WizardOzone\/","article_modified_time":"2021-06-09T16:00:53+00:00","og_image":[{"width":1026,"height":989,"url":"https:\/\/wizard-technology.com\/wp-content\/uploads\/2020\/05\/WOODMAN-PRODUCTO-2-1.jpg","type":"image\/jpeg"}],"twitter_card":"summary_large_image","schema":{"@context":"https:\/\/schema.org","@graph":[{"@type":"WebPage","@id":"https:\/\/wizard-technology.com\/de\/produkt\/ozonschrank\/","url":"https:\/\/wizard-technology.com\/de\/produkt\/ozonschrank\/","name":"Woodman - Ozonschrank - Virus-Desinfektion | WizardOzone","isPartOf":{"@id":"https:\/\/wizard-technology.com\/de\/#website"},"primaryImageOfPage":{"@id":"https:\/\/wizard-technology.com\/de\/produkt\/ozonschrank\/#primaryimage"},"image":{"@id":"https:\/\/wizard-technology.com\/de\/produkt\/ozonschrank\/#primaryimage"},"thumbnailUrl":"https:\/\/wizard-technology.com\/wp-content\/uploads\/2020\/05\/wizard-technology-woodman-03.png","datePublished":"2020-05-18T07:48:31+00:00","dateModified":"2021-06-09T16:00:53+00:00","description":"Kaufen Sie Ozonschrank. Desinfektion von R\u00e4umen gegen Bakterien und Viren: Krankenh\u00e4user, Kliniken, Hotels, Gesch\u00e4fte. Professionelle Qualit\u00e4t","breadcrumb":{"@id":"https:\/\/wizard-technology.com\/de\/produkt\/ozonschrank\/#breadcrumb"},"inLanguage":"de","potentialAction":[{"@type":"ReadAction","target":["https:\/\/wizard-technology.com\/de\/produkt\/ozonschrank\/"]}]},{"@type":"ImageObject","inLanguage":"de","@id":"https:\/\/wizard-technology.com\/de\/produkt\/ozonschrank\/#primaryimage","url":"https:\/\/wizard-technology.com\/wp-content\/uploads\/2020\/05\/wizard-technology-woodman-03.png","contentUrl":"https:\/\/wizard-technology.com\/wp-content\/uploads\/2020\/05\/wizard-technology-woodman-03.png","width":1026,"height":989},{"@type":"BreadcrumbList","@id":"https:\/\/wizard-technology.com\/de\/produkt\/ozonschrank\/#breadcrumb","itemListElement":[{"@type":"ListItem","position":1,"name":"Portada","item":"https:\/\/wizard-technology.com\/de\/"},{"@type":"ListItem","position":2,"name":"Produkte","item":"https:\/\/wizard-technology.com\/de\/shop\/"},{"@type":"ListItem","position":3,"name":"Ozonschrank &#8211; Woodman"}]},{"@type":"WebSite","@id":"https:\/\/wizard-technology.com\/de\/#website","url":"https:\/\/wizard-technology.com\/de\/","name":"Wizard","description":"","publisher":{"@id":"https:\/\/wizard-technology.com\/de\/#organization"},"potentialAction":[{"@type":"SearchAction","target":{"@type":"EntryPoint","urlTemplate":"https:\/\/wizard-technology.com\/de\/?s={search_term_string}"},"query-input":{"@type":"PropertyValueSpecification","valueRequired":true,"valueName":"search_term_string"}}],"inLanguage":"de"},{"@type":"Organization","@id":"https:\/\/wizard-technology.com\/de\/#organization","name":"Wizard Technology","url":"https:\/\/wizard-technology.com\/de\/","logo":{"@type":"ImageObject","inLanguage":"de","@id":"https:\/\/wizard-technology.com\/de\/#\/schema\/logo\/image\/","url":"https:\/\/wizard-technology.com\/wp-content\/uploads\/2020\/05\/Wizardozone-logo-1.png","contentUrl":"https:\/\/wizard-technology.com\/wp-content\/uploads\/2020\/05\/Wizardozone-logo-1.png","width":181,"height":60,"caption":"Wizard Technology"},"image":{"@id":"https:\/\/wizard-technology.com\/de\/#\/schema\/logo\/image\/"},"sameAs":["https:\/\/www.facebook.com\/WizardOzone\/","https:\/\/www.instagram.com\/wizardozone\/","https:\/\/www.linkedin.com\/company\/wizard-ozone\/"]}]}},"_links":{"self":[{"href":"https:\/\/wizard-technology.com\/de\/wp-json\/wp\/v2\/product\/1553","targetHints":{"allow":["GET"]}}],"collection":[{"href":"https:\/\/wizard-technology.com\/de\/wp-json\/wp\/v2\/product"}],"about":[{"href":"https:\/\/wizard-technology.com\/de\/wp-json\/wp\/v2\/types\/product"}],"wp:featuredmedia":[{"embeddable":true,"href":"https:\/\/wizard-technology.com\/de\/wp-json\/wp\/v2\/media\/11754"}],"wp:attachment":[{"href":"https:\/\/wizard-technology.com\/de\/wp-json\/wp\/v2\/media?parent=1553"}],"wp:term":[{"taxonomy":"product_brand","embeddable":true,"href":"https:\/\/wizard-technology.com\/de\/wp-json\/wp\/v2\/product_brand?post=1553"},{"taxonomy":"product_cat","embeddable":true,"href":"https:\/\/wizard-technology.com\/de\/wp-json\/wp\/v2\/product_cat?post=1553"},{"taxonomy":"product_tag","embeddable":true,"href":"https:\/\/wizard-technology.com\/de\/wp-json\/wp\/v2\/product_tag?post=1553"}],"curies":[{"name":"wp","href":"https:\/\/api.w.org\/{rel}","templated":true}]}}