{"id":1529,"date":"2020-05-18T07:47:34","date_gmt":"2020-05-18T07:47:34","guid":{"rendered":"https:\/\/wizard-technology.com\/producto\/ozongenerator-grosse-flaechen\/"},"modified":"2021-02-02T12:33:30","modified_gmt":"2021-02-02T12:33:30","slug":"ozongenerator-grosse-flaechen","status":"publish","type":"product","link":"https:\/\/wizard-technology.com\/de\/produkt\/ozongenerator-grosse-flaechen\/","title":{"rendered":"Ozongenerator Grosse Flaechen &#8211; Lion"},"content":{"rendered":"","protected":false},"excerpt":{"rendered":"","protected":false},"featured_media":7712,"template":"","meta":[],"product_brand":[],"product_cat":[99],"product_tag":[138],"class_list":{"0":"post-1529","1":"product","2":"type-product","3":"status-publish","4":"has-post-thumbnail","6":"product_cat-ozongeneratoren","7":"product_tag-2-de","9":"first","10":"instock","11":"taxable","12":"shipping-taxable","13":"product-type-variable"},"yoast_head":"<!-- This site is optimized with the Yoast SEO plugin v27.4 - https:\/\/yoast.com\/product\/yoast-seo-wordpress\/ -->\n<title>Lion - Ozongenerator f\u00fcr gro\u00dfe Fl\u00e4chen | WizardOzone<\/title>\n<meta name=\"description\" content=\"Kaufen Sie OZONMASCHINE f\u00fcr GROSSE OBERFL\u00c4CHEN Desinfektion von R\u00e4umen gegen Bakterien und Viren: Krankenh\u00e4user, Kliniken, Hotels, Gesch\u00e4fte.\" \/>\n<meta name=\"robots\" content=\"index, follow, max-snippet:-1, max-image-preview:large, max-video-preview:-1\" \/>\n<link rel=\"canonical\" href=\"https:\/\/wizard-technology.com\/de\/produkt\/ozongenerator-grosse-flaechen\/\" \/>\n<meta property=\"og:locale\" content=\"de_DE\" \/>\n<meta property=\"og:type\" content=\"article\" \/>\n<meta property=\"og:title\" content=\"Lion - Ozongenerator f\u00fcr gro\u00dfe Fl\u00e4chen | WizardOzone\" \/>\n<meta property=\"og:description\" content=\"Kaufen Sie OZONMASCHINE f\u00fcr GROSSE OBERFL\u00c4CHEN Desinfektion von R\u00e4umen gegen Bakterien und Viren: Krankenh\u00e4user, Kliniken, Hotels, Gesch\u00e4fte.\" \/>\n<meta property=\"og:url\" content=\"https:\/\/wizard-technology.com\/de\/produkt\/ozongenerator-grosse-flaechen\/\" \/>\n<meta property=\"og:site_name\" content=\"Wizard\" \/>\n<meta property=\"article:publisher\" content=\"https:\/\/www.facebook.com\/WizardOzone\/\" \/>\n<meta property=\"article:modified_time\" content=\"2021-02-02T12:33:30+00:00\" \/>\n<meta property=\"og:image\" content=\"https:\/\/wizard-technology.com\/wp-content\/uploads\/2020\/07\/FOTO-PRODUCTO-LION-AZUL-OSCURO.jpg\" \/>\n\t<meta property=\"og:image:width\" content=\"1026\" \/>\n\t<meta property=\"og:image:height\" content=\"989\" \/>\n\t<meta property=\"og:image:type\" content=\"image\/jpeg\" \/>\n<meta name=\"twitter:card\" content=\"summary_large_image\" \/>\n<script type=\"application\/ld+json\" class=\"yoast-schema-graph\">{\"@context\":\"https:\\\/\\\/schema.org\",\"@graph\":[{\"@type\":\"WebPage\",\"@id\":\"https:\\\/\\\/wizard-technology.com\\\/de\\\/produkt\\\/ozongenerator-grosse-flaechen\\\/\",\"url\":\"https:\\\/\\\/wizard-technology.com\\\/de\\\/produkt\\\/ozongenerator-grosse-flaechen\\\/\",\"name\":\"Lion - Ozongenerator f\u00fcr gro\u00dfe Fl\u00e4chen | WizardOzone\",\"isPartOf\":{\"@id\":\"https:\\\/\\\/wizard-technology.com\\\/de\\\/#website\"},\"primaryImageOfPage\":{\"@id\":\"https:\\\/\\\/wizard-technology.com\\\/de\\\/produkt\\\/ozongenerator-grosse-flaechen\\\/#primaryimage\"},\"image\":{\"@id\":\"https:\\\/\\\/wizard-technology.com\\\/de\\\/produkt\\\/ozongenerator-grosse-flaechen\\\/#primaryimage\"},\"thumbnailUrl\":\"https:\\\/\\\/wizard-technology.com\\\/wp-content\\\/uploads\\\/2020\\\/07\\\/FOTO-PRODUCTO-LION-AZUL-OSCURO.jpg\",\"datePublished\":\"2020-05-18T07:47:34+00:00\",\"dateModified\":\"2021-02-02T12:33:30+00:00\",\"description\":\"Kaufen Sie OZONMASCHINE f\u00fcr GROSSE OBERFL\u00c4CHEN Desinfektion von R\u00e4umen gegen Bakterien und Viren: Krankenh\u00e4user, Kliniken, Hotels, Gesch\u00e4fte.\",\"breadcrumb\":{\"@id\":\"https:\\\/\\\/wizard-technology.com\\\/de\\\/produkt\\\/ozongenerator-grosse-flaechen\\\/#breadcrumb\"},\"inLanguage\":\"de\",\"potentialAction\":[{\"@type\":\"ReadAction\",\"target\":[\"https:\\\/\\\/wizard-technology.com\\\/de\\\/produkt\\\/ozongenerator-grosse-flaechen\\\/\"]}]},{\"@type\":\"ImageObject\",\"inLanguage\":\"de\",\"@id\":\"https:\\\/\\\/wizard-technology.com\\\/de\\\/produkt\\\/ozongenerator-grosse-flaechen\\\/#primaryimage\",\"url\":\"https:\\\/\\\/wizard-technology.com\\\/wp-content\\\/uploads\\\/2020\\\/07\\\/FOTO-PRODUCTO-LION-AZUL-OSCURO.jpg\",\"contentUrl\":\"https:\\\/\\\/wizard-technology.com\\\/wp-content\\\/uploads\\\/2020\\\/07\\\/FOTO-PRODUCTO-LION-AZUL-OSCURO.jpg\",\"width\":1026,\"height\":989},{\"@type\":\"BreadcrumbList\",\"@id\":\"https:\\\/\\\/wizard-technology.com\\\/de\\\/produkt\\\/ozongenerator-grosse-flaechen\\\/#breadcrumb\",\"itemListElement\":[{\"@type\":\"ListItem\",\"position\":1,\"name\":\"Portada\",\"item\":\"https:\\\/\\\/wizard-technology.com\\\/de\\\/\"},{\"@type\":\"ListItem\",\"position\":2,\"name\":\"Produkte\",\"item\":\"https:\\\/\\\/wizard-technology.com\\\/de\\\/shop\\\/\"},{\"@type\":\"ListItem\",\"position\":3,\"name\":\"Ozongenerator Grosse Flaechen &#8211; Lion\"}]},{\"@type\":\"WebSite\",\"@id\":\"https:\\\/\\\/wizard-technology.com\\\/de\\\/#website\",\"url\":\"https:\\\/\\\/wizard-technology.com\\\/de\\\/\",\"name\":\"Wizard\",\"description\":\"\",\"publisher\":{\"@id\":\"https:\\\/\\\/wizard-technology.com\\\/de\\\/#organization\"},\"potentialAction\":[{\"@type\":\"SearchAction\",\"target\":{\"@type\":\"EntryPoint\",\"urlTemplate\":\"https:\\\/\\\/wizard-technology.com\\\/de\\\/?s={search_term_string}\"},\"query-input\":{\"@type\":\"PropertyValueSpecification\",\"valueRequired\":true,\"valueName\":\"search_term_string\"}}],\"inLanguage\":\"de\"},{\"@type\":\"Organization\",\"@id\":\"https:\\\/\\\/wizard-technology.com\\\/de\\\/#organization\",\"name\":\"Wizard Technology\",\"url\":\"https:\\\/\\\/wizard-technology.com\\\/de\\\/\",\"logo\":{\"@type\":\"ImageObject\",\"inLanguage\":\"de\",\"@id\":\"https:\\\/\\\/wizard-technology.com\\\/de\\\/#\\\/schema\\\/logo\\\/image\\\/\",\"url\":\"https:\\\/\\\/wizard-technology.com\\\/wp-content\\\/uploads\\\/2020\\\/05\\\/Wizardozone-logo-1.png\",\"contentUrl\":\"https:\\\/\\\/wizard-technology.com\\\/wp-content\\\/uploads\\\/2020\\\/05\\\/Wizardozone-logo-1.png\",\"width\":181,\"height\":60,\"caption\":\"Wizard Technology\"},\"image\":{\"@id\":\"https:\\\/\\\/wizard-technology.com\\\/de\\\/#\\\/schema\\\/logo\\\/image\\\/\"},\"sameAs\":[\"https:\\\/\\\/www.facebook.com\\\/WizardOzone\\\/\",\"https:\\\/\\\/www.instagram.com\\\/wizardozone\\\/\",\"https:\\\/\\\/www.linkedin.com\\\/company\\\/wizard-ozone\\\/\"]}]}<\/script>\n<!-- \/ Yoast SEO plugin. -->","yoast_head_json":{"title":"Lion - Ozongenerator f\u00fcr gro\u00dfe Fl\u00e4chen | WizardOzone","description":"Kaufen Sie OZONMASCHINE f\u00fcr GROSSE OBERFL\u00c4CHEN Desinfektion von R\u00e4umen gegen Bakterien und Viren: Krankenh\u00e4user, Kliniken, Hotels, Gesch\u00e4fte.","robots":{"index":"index","follow":"follow","max-snippet":"max-snippet:-1","max-image-preview":"max-image-preview:large","max-video-preview":"max-video-preview:-1"},"canonical":"https:\/\/wizard-technology.com\/de\/produkt\/ozongenerator-grosse-flaechen\/","og_locale":"de_DE","og_type":"article","og_title":"Lion - Ozongenerator f\u00fcr gro\u00dfe Fl\u00e4chen | WizardOzone","og_description":"Kaufen Sie OZONMASCHINE f\u00fcr GROSSE OBERFL\u00c4CHEN Desinfektion von R\u00e4umen gegen Bakterien und Viren: Krankenh\u00e4user, Kliniken, Hotels, Gesch\u00e4fte.","og_url":"https:\/\/wizard-technology.com\/de\/produkt\/ozongenerator-grosse-flaechen\/","og_site_name":"Wizard","article_publisher":"https:\/\/www.facebook.com\/WizardOzone\/","article_modified_time":"2021-02-02T12:33:30+00:00","og_image":[{"width":1026,"height":989,"url":"https:\/\/wizard-technology.com\/wp-content\/uploads\/2020\/07\/FOTO-PRODUCTO-LION-AZUL-OSCURO.jpg","type":"image\/jpeg"}],"twitter_card":"summary_large_image","schema":{"@context":"https:\/\/schema.org","@graph":[{"@type":"WebPage","@id":"https:\/\/wizard-technology.com\/de\/produkt\/ozongenerator-grosse-flaechen\/","url":"https:\/\/wizard-technology.com\/de\/produkt\/ozongenerator-grosse-flaechen\/","name":"Lion - Ozongenerator f\u00fcr gro\u00dfe Fl\u00e4chen | WizardOzone","isPartOf":{"@id":"https:\/\/wizard-technology.com\/de\/#website"},"primaryImageOfPage":{"@id":"https:\/\/wizard-technology.com\/de\/produkt\/ozongenerator-grosse-flaechen\/#primaryimage"},"image":{"@id":"https:\/\/wizard-technology.com\/de\/produkt\/ozongenerator-grosse-flaechen\/#primaryimage"},"thumbnailUrl":"https:\/\/wizard-technology.com\/wp-content\/uploads\/2020\/07\/FOTO-PRODUCTO-LION-AZUL-OSCURO.jpg","datePublished":"2020-05-18T07:47:34+00:00","dateModified":"2021-02-02T12:33:30+00:00","description":"Kaufen Sie OZONMASCHINE f\u00fcr GROSSE OBERFL\u00c4CHEN Desinfektion von R\u00e4umen gegen Bakterien und Viren: Krankenh\u00e4user, Kliniken, Hotels, Gesch\u00e4fte.","breadcrumb":{"@id":"https:\/\/wizard-technology.com\/de\/produkt\/ozongenerator-grosse-flaechen\/#breadcrumb"},"inLanguage":"de","potentialAction":[{"@type":"ReadAction","target":["https:\/\/wizard-technology.com\/de\/produkt\/ozongenerator-grosse-flaechen\/"]}]},{"@type":"ImageObject","inLanguage":"de","@id":"https:\/\/wizard-technology.com\/de\/produkt\/ozongenerator-grosse-flaechen\/#primaryimage","url":"https:\/\/wizard-technology.com\/wp-content\/uploads\/2020\/07\/FOTO-PRODUCTO-LION-AZUL-OSCURO.jpg","contentUrl":"https:\/\/wizard-technology.com\/wp-content\/uploads\/2020\/07\/FOTO-PRODUCTO-LION-AZUL-OSCURO.jpg","width":1026,"height":989},{"@type":"BreadcrumbList","@id":"https:\/\/wizard-technology.com\/de\/produkt\/ozongenerator-grosse-flaechen\/#breadcrumb","itemListElement":[{"@type":"ListItem","position":1,"name":"Portada","item":"https:\/\/wizard-technology.com\/de\/"},{"@type":"ListItem","position":2,"name":"Produkte","item":"https:\/\/wizard-technology.com\/de\/shop\/"},{"@type":"ListItem","position":3,"name":"Ozongenerator Grosse Flaechen &#8211; Lion"}]},{"@type":"WebSite","@id":"https:\/\/wizard-technology.com\/de\/#website","url":"https:\/\/wizard-technology.com\/de\/","name":"Wizard","description":"","publisher":{"@id":"https:\/\/wizard-technology.com\/de\/#organization"},"potentialAction":[{"@type":"SearchAction","target":{"@type":"EntryPoint","urlTemplate":"https:\/\/wizard-technology.com\/de\/?s={search_term_string}"},"query-input":{"@type":"PropertyValueSpecification","valueRequired":true,"valueName":"search_term_string"}}],"inLanguage":"de"},{"@type":"Organization","@id":"https:\/\/wizard-technology.com\/de\/#organization","name":"Wizard Technology","url":"https:\/\/wizard-technology.com\/de\/","logo":{"@type":"ImageObject","inLanguage":"de","@id":"https:\/\/wizard-technology.com\/de\/#\/schema\/logo\/image\/","url":"https:\/\/wizard-technology.com\/wp-content\/uploads\/2020\/05\/Wizardozone-logo-1.png","contentUrl":"https:\/\/wizard-technology.com\/wp-content\/uploads\/2020\/05\/Wizardozone-logo-1.png","width":181,"height":60,"caption":"Wizard Technology"},"image":{"@id":"https:\/\/wizard-technology.com\/de\/#\/schema\/logo\/image\/"},"sameAs":["https:\/\/www.facebook.com\/WizardOzone\/","https:\/\/www.instagram.com\/wizardozone\/","https:\/\/www.linkedin.com\/company\/wizard-ozone\/"]}]}},"_links":{"self":[{"href":"https:\/\/wizard-technology.com\/de\/wp-json\/wp\/v2\/product\/1529","targetHints":{"allow":["GET"]}}],"collection":[{"href":"https:\/\/wizard-technology.com\/de\/wp-json\/wp\/v2\/product"}],"about":[{"href":"https:\/\/wizard-technology.com\/de\/wp-json\/wp\/v2\/types\/product"}],"wp:featuredmedia":[{"embeddable":true,"href":"https:\/\/wizard-technology.com\/de\/wp-json\/wp\/v2\/media\/7712"}],"wp:attachment":[{"href":"https:\/\/wizard-technology.com\/de\/wp-json\/wp\/v2\/media?parent=1529"}],"wp:term":[{"taxonomy":"product_brand","embeddable":true,"href":"https:\/\/wizard-technology.com\/de\/wp-json\/wp\/v2\/product_brand?post=1529"},{"taxonomy":"product_cat","embeddable":true,"href":"https:\/\/wizard-technology.com\/de\/wp-json\/wp\/v2\/product_cat?post=1529"},{"taxonomy":"product_tag","embeddable":true,"href":"https:\/\/wizard-technology.com\/de\/wp-json\/wp\/v2\/product_tag?post=1529"}],"curies":[{"name":"wp","href":"https:\/\/api.w.org\/{rel}","templated":true}]}}