{"id":8530,"date":"2021-04-07T13:46:31","date_gmt":"2021-04-07T13:46:31","guid":{"rendered":"https:\/\/wizard-technology.com\/nachhaltigkeit\/"},"modified":"2022-08-23T08:55:12","modified_gmt":"2022-08-23T08:55:12","slug":"nachhaltigkeit","status":"publish","type":"page","link":"https:\/\/wizard-technology.com\/de\/nachhaltigkeit\/","title":{"rendered":"Nachhaltigkeit"},"content":{"rendered":"<p>[vc_row full_width=&#8220;stretch_row&#8220; full_height=&#8220;yes&#8220; css=&#8220;.vc_custom_1616772578002{background-image: url(https:\/\/wizard-technology.com\/wp-content\/uploads\/2021\/03\/WIZARD-SOSTENIBILIDAD-CABECERA.jpg?id=8464) !important;background-position: center !important;background-repeat: no-repeat !important;background-size: cover !important;}&#8220;][vc_column][vc_custom_heading text=&#8220;UMWELTFREUNDLICHE TECHNOLOGIE&#8220; font_container=&#8220;tag:div|font_size:16px|text_align:center|color:%23ffffff&#8220; use_theme_fonts=&#8220;yes&#8220; el_class=&#8220;new-subtitle&#8220;][vc_custom_heading text=&#8220;Wir k\u00fcmmern uns um unseren Fu\u00dfabdruck auf der Welt&#8220; font_container=&#8220;tag:h2|text_align:center|color:%23ffffff&#8220; use_theme_fonts=&#8220;yes&#8220; el_class=&#8220;new-title&#8220;][vc_empty_space height=&#8220;10px&#8220;][vc_btn title=&#8220;Mehr erfahren&#8220; style=&#8220;custom&#8220; custom_background=&#8220;#ffffff&#8220; custom_text=&#8220;#000000&#8243; shape=&#8220;round&#8220; align=&#8220;center&#8220; link=&#8220;url:%23empieza|&#8220; css=&#8220;.vc_custom_1617803242390{border-bottom-width: 10px !important;padding-top: 10px !important;padding-right: 20px !important;padding-left: 20px !important;}&#8220; el_class=&#8220;wizard-sostenibilidad&#8220;][\/vc_column][\/vc_row][vc_row el_id=&#8220;empieza&#8220;][vc_column][vc_custom_heading text=&#8220;NACHHALTIGES ENGAGEMENT&#8220; font_container=&#8220;tag:div|font_size:16px|text_align:left|color:%23000000&#8243; use_theme_fonts=&#8220;yes&#8220;][vc_custom_heading text=&#8220;Wir sorgen uns um die Luft, die Sie atmen, wir sorgen uns um den Planeten, den Sie bewohnen.&#8220; font_container=&#8220;tag:div|font_size:40px|text_align:left|color:%23000000&#8243; use_theme_fonts=&#8220;yes&#8220;][vc_column_text]<strong>Wir entwerfen innovative Produkte mit recycelten Materialien<\/strong><\/p>\n<ul>\n<li>Alle in unserem Herstellungsprozess verwendeten Materialien sind zu mehr als 50% recycelt.<\/li>\n<li>Unsere Desinfektionstechnologie erzeugt keine Abf\u00e4lle oder Chemikalien in der Umwelt.<\/li>\n<li>Wir folgen dem Modell der Kreislaufwirtschaft, bei dem wir Elemente und Ressourcen aus unserem Produktionsprozess reduzieren, wiederverwenden und recyceln.<\/li>\n<\/ul>\n<p>[\/vc_column_text][vc_single_image image=&#8220;8469&#8243; img_size=&#8220;full&#8220; alignment=&#8220;center&#8220;][vc_empty_space height=&#8220;60px&#8220;][\/vc_column][\/vc_row][vc_row full_width=&#8220;stretch_row&#8220; css=&#8220;.vc_custom_1616773395969{background-color: #3c3b3b !important;}&#8220;][vc_column][vc_empty_space height=&#8220;60px&#8220;][vc_row_inner gap=&#8220;35&#8243;][vc_column_inner width=&#8220;1\/4&#8243; basel_text_align=&#8220;center&#8220;][vc_column_text basel_color_scheme=&#8220;light&#8220;]<\/p>\n<h3><strong>Minimalistisches Design<\/strong><\/h3>\n<p>Wir finden die perfekte Balance zwischen Funktionalit\u00e4t und Design[\/vc_column_text][\/vc_column_inner][vc_column_inner width=&#8220;1\/4&#8243; basel_text_align=&#8220;center&#8220;][vc_column_text basel_color_scheme=&#8220;light&#8220;]<\/p>\n<h3><strong>Recycelte Materialien<\/strong><\/h3>\n<p>Wir verwenden recyceltes Aluminium und Eisen bei der Herstellung unserer Produkte.[\/vc_column_text][\/vc_column_inner][vc_column_inner width=&#8220;1\/4&#8243; basel_text_align=&#8220;center&#8220;][vc_column_text basel_color_scheme=&#8220;light&#8220;]<\/p>\n<h3><strong>Engagement f\u00fcr die Umwelt<\/strong><\/h3>\n<p>Umweltfreundliche L\u00f6sungen, eine Desinfektion ohne Chemikalien und R\u00fcckst\u00e4nde<br \/>\n[\/vc_column_text][\/vc_column_inner][vc_column_inner width=&#8220;1\/4&#8243; basel_text_align=&#8220;center&#8220;][vc_column_text basel_color_scheme=&#8220;light&#8220;]<\/p>\n<h3><strong>Hergestellt in Europa<\/strong><\/h3>\n<p>Vom Entwurf zum fertigen Produkt[\/vc_column_text][\/vc_column_inner][\/vc_row_inner][vc_empty_space height=&#8220;60px&#8220;][\/vc_column][\/vc_row][vc_row full_width=&#8220;stretch_row&#8220; css=&#8220;.vc_custom_1616773400512{background-image: url(https:\/\/wizard-technology.com\/wp-content\/uploads\/2021\/03\/WIZARD-SOSTENIBILIDAD-01.jpg?id=8474) !important;}&#8220;][vc_column][vc_empty_space height=&#8220;160px&#8220;][vc_custom_heading text=&#8220;SICHER, EFFIZIENT UND BEWUSST&#8220; font_container=&#8220;tag:div|font_size:16px|text_align:center|color:%23ffffff&#8220; use_theme_fonts=&#8220;yes&#8220; el_class=&#8220;new-subtitle&#8220;][vc_custom_heading text=&#8220;Die Welt zu einem nachhaltigeren Ort machen&#8220; font_container=&#8220;tag:h2|text_align:center|color:%23ffffff&#8220; use_theme_fonts=&#8220;yes&#8220; el_class=&#8220;new-title&#8220;][vc_column_text basel_color_scheme=&#8220;light&#8220; el_class=&#8220;max900&#8243;]<\/p>\n<p style=\"text-align: center;\"><span data-sheets-value=\"{&quot;1&quot;:2,&quot;2&quot;:&quot;Wir bei Wizard setzen uns f\u00fcr nachhaltiges Wirtschaften ein und helfen dabei, eine bessere Zukunft f\u00fcr alle zu schaffen. Wir setzen modernste Technologien ein, um unseren Kunden ein komfortableres, ges\u00fcnderes und umweltfreundlicheres Leben zu erm\u00f6glichen, indem wir umweltfreundliche Produkte verwenden&quot;}\" data-sheets-userformat=\"{&quot;2&quot;:769,&quot;3&quot;:{&quot;1&quot;:0},&quot;11&quot;:4,&quot;12&quot;:0}\">Wir bei Wizard setzen uns f\u00fcr nachhaltiges Wirtschaften ein und helfen dabei, eine bessere Zukunft f\u00fcr alle zu schaffen. Wir setzen modernste Technologien ein, um unseren Kunden ein komfortableres, ges\u00fcnderes und umweltfreundlicheres Leben zu erm\u00f6glichen, indem wir umweltfreundliche Produkte verwenden.<\/span><\/p>\n<p>[\/vc_column_text][vc_empty_space height=&#8220;160px&#8220;][\/vc_column][\/vc_row]<\/p>\n","protected":false},"excerpt":{"rendered":"<p>[vc_row full_width=&#8220;stretch_row&#8220; full_height=&#8220;yes&#8220; css=&#8220;.vc_custom_1616772578002{background-image: url(https:\/\/wizard-technology.com\/wp-content\/uploads\/2021\/03\/WIZARD-SOSTENIBILIDAD-CABECERA.jpg?id=8464) !important;background-position: center !important;background-repeat: no-repeat !important;background-size: cover !important;}&#8220;][vc_column][vc_custom_heading text=&#8220;UMWELTFREUNDLICHE TECHNOLOGIE&#8220; font_container=&#8220;tag:div|font_size:16px|text_align:center|color:%23ffffff&#8220; use_theme_fonts=&#8220;yes&#8220; el_class=&#8220;new-subtitle&#8220;][vc_custom_heading text=&#8220;Wir k\u00fcmmern uns<\/p>\n","protected":false},"author":1,"featured_media":0,"parent":0,"menu_order":0,"comment_status":"closed","ping_status":"closed","template":"","meta":{"footnotes":""},"class_list":["post-8530","page","type-page","status-publish","hentry"],"yoast_head":"<!-- This site is optimized with the Yoast SEO plugin v27.3 - https:\/\/yoast.com\/product\/yoast-seo-wordpress\/ -->\n<title>Nachhaltigkeit | Wizard<\/title>\n<meta name=\"robots\" content=\"index, follow, max-snippet:-1, max-image-preview:large, max-video-preview:-1\" \/>\n<link rel=\"canonical\" href=\"https:\/\/wizard-technology.com\/de\/nachhaltigkeit\/\" \/>\n<meta property=\"og:locale\" content=\"de_DE\" \/>\n<meta property=\"og:type\" content=\"article\" \/>\n<meta property=\"og:title\" content=\"Nachhaltigkeit | Wizard\" \/>\n<meta property=\"og:description\" content=\"[vc_row full_width=&#8220;stretch_row&#8220; full_height=&#8220;yes&#8220; css=&#8220;.vc_custom_1616772578002{background-image: url(https:\/\/wizard-technology.com\/wp-content\/uploads\/2021\/03\/WIZARD-SOSTENIBILIDAD-CABECERA.jpg?id=8464) !important;background-position: center !important;background-repeat: no-repeat !important;background-size: cover !important;}&#8220;][vc_column][vc_custom_heading text=&#8220;UMWELTFREUNDLICHE TECHNOLOGIE&#8220; font_container=&#8220;tag:div|font_size:16px|text_align:center|color:%23ffffff&#8220; use_theme_fonts=&#8220;yes&#8220; el_class=&#8220;new-subtitle&#8220;][vc_custom_heading text=&#8220;Wir k\u00fcmmern uns\" \/>\n<meta property=\"og:url\" content=\"https:\/\/wizard-technology.com\/de\/nachhaltigkeit\/\" \/>\n<meta property=\"og:site_name\" content=\"Wizard\" \/>\n<meta property=\"article:publisher\" content=\"https:\/\/www.facebook.com\/WizardOzone\/\" \/>\n<meta property=\"article:modified_time\" content=\"2022-08-23T08:55:12+00:00\" \/>\n<meta name=\"twitter:card\" content=\"summary_large_image\" \/>\n<meta name=\"twitter:label1\" content=\"Gesch\u00e4tzte Lesezeit\" \/>\n\t<meta name=\"twitter:data1\" content=\"2\u00a0Minuten\" \/>\n<script type=\"application\/ld+json\" class=\"yoast-schema-graph\">{\"@context\":\"https:\\\/\\\/schema.org\",\"@graph\":[{\"@type\":\"WebPage\",\"@id\":\"https:\\\/\\\/wizard-technology.com\\\/de\\\/nachhaltigkeit\\\/\",\"url\":\"https:\\\/\\\/wizard-technology.com\\\/de\\\/nachhaltigkeit\\\/\",\"name\":\"Nachhaltigkeit | Wizard\",\"isPartOf\":{\"@id\":\"https:\\\/\\\/wizard-technology.com\\\/de\\\/#website\"},\"datePublished\":\"2021-04-07T13:46:31+00:00\",\"dateModified\":\"2022-08-23T08:55:12+00:00\",\"breadcrumb\":{\"@id\":\"https:\\\/\\\/wizard-technology.com\\\/de\\\/nachhaltigkeit\\\/#breadcrumb\"},\"inLanguage\":\"de\",\"potentialAction\":[{\"@type\":\"ReadAction\",\"target\":[\"https:\\\/\\\/wizard-technology.com\\\/de\\\/nachhaltigkeit\\\/\"]}]},{\"@type\":\"BreadcrumbList\",\"@id\":\"https:\\\/\\\/wizard-technology.com\\\/de\\\/nachhaltigkeit\\\/#breadcrumb\",\"itemListElement\":[{\"@type\":\"ListItem\",\"position\":1,\"name\":\"Portada\",\"item\":\"https:\\\/\\\/wizard-technology.com\\\/de\\\/\"},{\"@type\":\"ListItem\",\"position\":2,\"name\":\"Nachhaltigkeit\"}]},{\"@type\":\"WebSite\",\"@id\":\"https:\\\/\\\/wizard-technology.com\\\/de\\\/#website\",\"url\":\"https:\\\/\\\/wizard-technology.com\\\/de\\\/\",\"name\":\"Wizard\",\"description\":\"\",\"publisher\":{\"@id\":\"https:\\\/\\\/wizard-technology.com\\\/de\\\/#organization\"},\"potentialAction\":[{\"@type\":\"SearchAction\",\"target\":{\"@type\":\"EntryPoint\",\"urlTemplate\":\"https:\\\/\\\/wizard-technology.com\\\/de\\\/?s={search_term_string}\"},\"query-input\":{\"@type\":\"PropertyValueSpecification\",\"valueRequired\":true,\"valueName\":\"search_term_string\"}}],\"inLanguage\":\"de\"},{\"@type\":\"Organization\",\"@id\":\"https:\\\/\\\/wizard-technology.com\\\/de\\\/#organization\",\"name\":\"Wizard Technology\",\"url\":\"https:\\\/\\\/wizard-technology.com\\\/de\\\/\",\"logo\":{\"@type\":\"ImageObject\",\"inLanguage\":\"de\",\"@id\":\"https:\\\/\\\/wizard-technology.com\\\/de\\\/#\\\/schema\\\/logo\\\/image\\\/\",\"url\":\"https:\\\/\\\/wizard-technology.com\\\/wp-content\\\/uploads\\\/2020\\\/05\\\/Wizardozone-logo-1.png\",\"contentUrl\":\"https:\\\/\\\/wizard-technology.com\\\/wp-content\\\/uploads\\\/2020\\\/05\\\/Wizardozone-logo-1.png\",\"width\":181,\"height\":60,\"caption\":\"Wizard Technology\"},\"image\":{\"@id\":\"https:\\\/\\\/wizard-technology.com\\\/de\\\/#\\\/schema\\\/logo\\\/image\\\/\"},\"sameAs\":[\"https:\\\/\\\/www.facebook.com\\\/WizardOzone\\\/\",\"https:\\\/\\\/www.instagram.com\\\/wizardozone\\\/\",\"https:\\\/\\\/www.linkedin.com\\\/company\\\/wizard-ozone\\\/\"]}]}<\/script>\n<!-- \/ Yoast SEO plugin. -->","yoast_head_json":{"title":"Nachhaltigkeit | Wizard","robots":{"index":"index","follow":"follow","max-snippet":"max-snippet:-1","max-image-preview":"max-image-preview:large","max-video-preview":"max-video-preview:-1"},"canonical":"https:\/\/wizard-technology.com\/de\/nachhaltigkeit\/","og_locale":"de_DE","og_type":"article","og_title":"Nachhaltigkeit | Wizard","og_description":"[vc_row full_width=&#8220;stretch_row&#8220; full_height=&#8220;yes&#8220; css=&#8220;.vc_custom_1616772578002{background-image: url(https:\/\/wizard-technology.com\/wp-content\/uploads\/2021\/03\/WIZARD-SOSTENIBILIDAD-CABECERA.jpg?id=8464) !important;background-position: center !important;background-repeat: no-repeat !important;background-size: cover !important;}&#8220;][vc_column][vc_custom_heading text=&#8220;UMWELTFREUNDLICHE TECHNOLOGIE&#8220; font_container=&#8220;tag:div|font_size:16px|text_align:center|color:%23ffffff&#8220; use_theme_fonts=&#8220;yes&#8220; el_class=&#8220;new-subtitle&#8220;][vc_custom_heading text=&#8220;Wir k\u00fcmmern uns","og_url":"https:\/\/wizard-technology.com\/de\/nachhaltigkeit\/","og_site_name":"Wizard","article_publisher":"https:\/\/www.facebook.com\/WizardOzone\/","article_modified_time":"2022-08-23T08:55:12+00:00","twitter_card":"summary_large_image","twitter_misc":{"Gesch\u00e4tzte Lesezeit":"2\u00a0Minuten"},"schema":{"@context":"https:\/\/schema.org","@graph":[{"@type":"WebPage","@id":"https:\/\/wizard-technology.com\/de\/nachhaltigkeit\/","url":"https:\/\/wizard-technology.com\/de\/nachhaltigkeit\/","name":"Nachhaltigkeit | Wizard","isPartOf":{"@id":"https:\/\/wizard-technology.com\/de\/#website"},"datePublished":"2021-04-07T13:46:31+00:00","dateModified":"2022-08-23T08:55:12+00:00","breadcrumb":{"@id":"https:\/\/wizard-technology.com\/de\/nachhaltigkeit\/#breadcrumb"},"inLanguage":"de","potentialAction":[{"@type":"ReadAction","target":["https:\/\/wizard-technology.com\/de\/nachhaltigkeit\/"]}]},{"@type":"BreadcrumbList","@id":"https:\/\/wizard-technology.com\/de\/nachhaltigkeit\/#breadcrumb","itemListElement":[{"@type":"ListItem","position":1,"name":"Portada","item":"https:\/\/wizard-technology.com\/de\/"},{"@type":"ListItem","position":2,"name":"Nachhaltigkeit"}]},{"@type":"WebSite","@id":"https:\/\/wizard-technology.com\/de\/#website","url":"https:\/\/wizard-technology.com\/de\/","name":"Wizard","description":"","publisher":{"@id":"https:\/\/wizard-technology.com\/de\/#organization"},"potentialAction":[{"@type":"SearchAction","target":{"@type":"EntryPoint","urlTemplate":"https:\/\/wizard-technology.com\/de\/?s={search_term_string}"},"query-input":{"@type":"PropertyValueSpecification","valueRequired":true,"valueName":"search_term_string"}}],"inLanguage":"de"},{"@type":"Organization","@id":"https:\/\/wizard-technology.com\/de\/#organization","name":"Wizard Technology","url":"https:\/\/wizard-technology.com\/de\/","logo":{"@type":"ImageObject","inLanguage":"de","@id":"https:\/\/wizard-technology.com\/de\/#\/schema\/logo\/image\/","url":"https:\/\/wizard-technology.com\/wp-content\/uploads\/2020\/05\/Wizardozone-logo-1.png","contentUrl":"https:\/\/wizard-technology.com\/wp-content\/uploads\/2020\/05\/Wizardozone-logo-1.png","width":181,"height":60,"caption":"Wizard Technology"},"image":{"@id":"https:\/\/wizard-technology.com\/de\/#\/schema\/logo\/image\/"},"sameAs":["https:\/\/www.facebook.com\/WizardOzone\/","https:\/\/www.instagram.com\/wizardozone\/","https:\/\/www.linkedin.com\/company\/wizard-ozone\/"]}]}},"_links":{"self":[{"href":"https:\/\/wizard-technology.com\/de\/wp-json\/wp\/v2\/pages\/8530","targetHints":{"allow":["GET"]}}],"collection":[{"href":"https:\/\/wizard-technology.com\/de\/wp-json\/wp\/v2\/pages"}],"about":[{"href":"https:\/\/wizard-technology.com\/de\/wp-json\/wp\/v2\/types\/page"}],"author":[{"embeddable":true,"href":"https:\/\/wizard-technology.com\/de\/wp-json\/wp\/v2\/users\/1"}],"replies":[{"embeddable":true,"href":"https:\/\/wizard-technology.com\/de\/wp-json\/wp\/v2\/comments?post=8530"}],"version-history":[{"count":5,"href":"https:\/\/wizard-technology.com\/de\/wp-json\/wp\/v2\/pages\/8530\/revisions"}],"predecessor-version":[{"id":12158,"href":"https:\/\/wizard-technology.com\/de\/wp-json\/wp\/v2\/pages\/8530\/revisions\/12158"}],"wp:attachment":[{"href":"https:\/\/wizard-technology.com\/de\/wp-json\/wp\/v2\/media?parent=8530"}],"curies":[{"name":"wp","href":"https:\/\/api.w.org\/{rel}","templated":true}]}}