{"id":1467,"date":"2020-05-28T06:47:24","date_gmt":"2020-05-28T06:47:24","guid":{"rendered":"https:\/\/wizard-technology.com\/rueckgaberichtlinie\/"},"modified":"2021-02-02T12:06:09","modified_gmt":"2021-02-02T12:06:09","slug":"rueckgaberichtlinie","status":"publish","type":"page","link":"https:\/\/wizard-technology.com\/de\/rueckgaberichtlinie\/","title":{"rendered":"R\u00fcckgaberichtlinie"},"content":{"rendered":"<p>[vc_row][vc_column width=&#8220;1\/4&#8243;][\/vc_column][vc_column width=&#8220;1\/2&#8243;][vc_column_text]<\/p>\n<h1><strong>R\u00dcCKGABERICHTLINIE<\/strong><\/h1>\n<p><em>Im Falle eines Widerrufs folgen Sie den Anweisungen in\u00a0<strong>Abschnitt \u201cA\u201d.<\/strong><\/em><\/p>\n<p><em>Im Falle von Bruch, Besch\u00e4digung durch Packst\u00fccke oder Fehlfunktion folgen Sie\u00a0<strong>Abschnitt \u201cB\u201d.<\/strong><\/em><\/p>\n<p>&nbsp;<\/p>\n<p><strong>A.- Wenn es um einen \u00a0Widerruf geht:<\/strong><\/p>\n<p>Ab dem Zeitpunkt, an dem Sie das Paket zu Hause erhalten, haben Sie 14 Kalendertage Zeit, um den Artikel zur\u00fcckzusenden.<\/p>\n<p><strong>Wir akzeptieren keine Gegenst\u00e4nde, die auf eine andere Weise behandelt wurden, als es zur Feststellung ihrer Art, ihrer Eigenschaften oder ihres Betriebs erforderlich ist.<\/strong><\/p>\n<p>Wenn Sie z.B. ein anderes Produkt bevorzugen, m\u00fcssen Sie eine neue Bestellung in unserem Online-Shop aufgeben.<\/p>\n<p><strong>Wie kann ich eine R\u00fcckgabe vornehmen?<\/strong><\/p>\n<p>Wenn Sie einen Artikel zur\u00fcckgeben m\u00f6chten, befolgen Sie diese Schritte:<\/p>\n<p><strong>SCHRITT 1: F\u00fcllen Sie das Formular aus<\/strong><\/p>\n<p><strong>F\u00fcllen Sie das folgende R\u00fcckgabe-\/Entnahmeformular aus:\u00a0<\/strong><a href=\"https:\/\/wizard-technology.com\/wizard-ozone-formulario-devolucion.pdf\">DOWNLOAD<\/a><\/p>\n<p><strong>Dann senden Sie es an CALLE LEVANTE SN. POLIGONO INDUSTRIAL LOS VIENTOS- 46119- NAQUERA- VALENCIA. und drucken Sie eine Kopie aus, um sie in das zur\u00fcckzusendende Paket zu legen.<\/strong><\/p>\n<p><strong>SCHRITT 2: Ein neues Paket vorbereiten<\/strong><\/p>\n<p>Nachdem Sie Ihren R\u00fcckschein ausgedruckt haben<strong>, bereiten Sie ein neues Paket vor, in dem der R\u00fcckschein enthalten ist<\/strong>. Bitte\u00a0<strong>senden Sie die Artikel gut gesch\u00fctzt durch eine zus\u00e4tzliche Au\u00dfenverpackung an uns<\/strong>, so wie Sie sie zu Hause erhalten haben, um m\u00f6gliche Transportsch\u00e4den zu vermeiden. Bitte\u00a0<strong>bringen Sie keine Etiketten oder Klebeband an der Originalverpackung des Artikels an<\/strong>.<\/p>\n<p><strong>SCHRITT 3: Senden Sie das Paket.<\/strong><\/p>\n<p><strong>Schicken Sie das Paket an die auf Ihrem R\u00fccksendeformular angegebene Adresse.<\/strong><\/p>\n<p><strong>SCHRITT 4: R\u00fcckerstattung des Geldes.<\/strong><\/p>\n<p>Sobald wir Ihre R\u00fccksendung bearbeitet haben,\u00a0<strong>werden alle Zahlungen, einschlie\u00dflich der Versandkosten, innerhalb von maximal 14 Kalendertagen zur\u00fcckerstattet, wenn es sich um die kosteng\u00fcnstigste gew\u00f6hnliche Lieferungsmethode handelt<\/strong>. Das Geld wird entsprechend der Zahlungsmethode, die Sie bei der Bestellung verwendet haben, zur\u00fcckerstattet.<\/p>\n<p>Wenn Sie dasselbe Produkt oder ein Alternativprodukt erhalten m\u00f6chten, m\u00fcssen Sie eine neue Bestellung \u00fcber unsere Website aufgeben und die Versandkosten erneut bezahlen.<\/p>\n<p>Bitte beachten Sie, dass, wenn es sich um eine Garantier\u00fcckgabe handelt, das Management, die Entscheidung, das Produkt zu \u00e4ndern und\/oder zu reparieren, ausschlie\u00dflich von der Firma oder dem Hersteller abh\u00e4ngt. Die Wartezeit h\u00e4ngt von der Managementzeit des technischen Dienstes jeder Firma ab. Die Entscheidung, den Artikel zu \u00e4ndern oder zu reparieren, wird ausschlie\u00dflich von der Firma oder dem Hersteller abh\u00e4ngen. Sobald wir die Antwort der Firma erhalten haben, werden wir Sie dar\u00fcber informieren, ob die Garantie akzeptiert wurde und wenn ja, ob die Firma einer Reparatur oder einem Ersatz des Produkts zustimmt.<\/p>\n<p>&nbsp;<\/p>\n<p><strong>B.- Wenn Sie einen falschen, besch\u00e4digten oder defekten Artikel erhalten, folgen Sie bitte diesen Schritten:<\/strong><\/p>\n<p><strong>SCHRITT 1:<\/strong>\u00a0Laden Sie das folgende Formular herunter und f\u00fcllen Sie es aus:\u00a0<a href=\"https:\/\/wizard-technology.com\/wizard-ozone-formulario-devolucion.pdf\">DOWNLOAD<\/a><\/p>\n<p>Schicken Sie es dann zusammen mit einem Foto des besch\u00e4digten Produkts an\u00a0<a href=\"mailto:lemar@lemarleben.com\">lemar@lemarleben.com<\/a>. Bewahren Sie eine Kopie auf, um sie dem Paket beizuf\u00fcgen.<\/p>\n<p><strong>SCHRITT 2:<\/strong><\/p>\n<p><strong>Falsche Produkte:<\/strong><\/p>\n<p>\u2013 F\u00fcr den Fall, dass Sie ein falsches Produkt erhalten haben, verpflichtet\u00a0<strong>sich LEMAR LEBEN GROUP, S.L., Ihnen das richtige Produkt in der k\u00fcrzest m\u00f6glichen Zeit im Austauschdienst zu schicken<\/strong>, d.h. unser Transport liefert das richtige Produkt und nimmt das falsche mit, um es in unsere Gesch\u00e4fte zur\u00fcckzubringen.<\/p>\n<p><strong>\u2013 Sie haben 30 Kalendertage Zeit, um einen Anspruch geltend zu machen, indem Sie das ausgef\u00fcllte Formular zusammen mit einem Foto des falschen Artikels einsenden.<\/strong><\/p>\n<p><strong>Besch\u00e4digte oder zerst\u00f6rte Produkte:<\/strong><\/p>\n<p><strong>\u2013 Wenn die Ware sichtbare Sch\u00e4den an der Verpackung aufweist, m\u00fcssen Sie die Agentur auf dem Lieferschein benachrichtigen und vor dem Auspacken ein Foto des Schadens machen, um es an uns zu schicken.<\/strong><\/p>\n<p>Im Falle von\u00a0<strong>Bruch\/Besch\u00e4digung des Produkts* verpflichtet sich LEMAR LEBEN GROUP, SL., ein anderes Produkt in einwandfreiem Zustand zu versenden.<\/strong>[\/vc_column_text][\/vc_column][vc_column width=&#8220;1\/4&#8243;][\/vc_column][\/vc_row]<\/p>\n","protected":false},"excerpt":{"rendered":"<p>[vc_row][vc_column width=&#8220;1\/4&#8243;][\/vc_column][vc_column width=&#8220;1\/2&#8243;][vc_column_text] R\u00dcCKGABERICHTLINIE Im Falle eines Widerrufs folgen Sie den Anweisungen in\u00a0Abschnitt \u201cA\u201d. Im Falle von Bruch, Besch\u00e4digung durch<\/p>\n","protected":false},"author":1,"featured_media":0,"parent":0,"menu_order":1000,"comment_status":"closed","ping_status":"closed","template":"","meta":{"footnotes":""},"class_list":["post-1467","page","type-page","status-publish","hentry"],"yoast_head":"<!-- This site is optimized with the Yoast SEO plugin v27.3 - https:\/\/yoast.com\/product\/yoast-seo-wordpress\/ -->\n<title>R\u00fcckgaberichtlinie | Wizard<\/title>\n<meta name=\"robots\" content=\"noindex, nofollow\" \/>\n<meta property=\"og:locale\" content=\"de_DE\" \/>\n<meta property=\"og:type\" content=\"article\" \/>\n<meta property=\"og:title\" content=\"R\u00fcckgaberichtlinie | Wizard\" \/>\n<meta property=\"og:description\" content=\"[vc_row][vc_column width=&#8220;1\/4&#8243;][\/vc_column][vc_column width=&#8220;1\/2&#8243;][vc_column_text] R\u00dcCKGABERICHTLINIE Im Falle eines Widerrufs folgen Sie den Anweisungen in\u00a0Abschnitt \u201cA\u201d. Im Falle von Bruch, Besch\u00e4digung durch\" \/>\n<meta property=\"og:url\" content=\"https:\/\/wizard-technology.com\/de\/rueckgaberichtlinie\/\" \/>\n<meta property=\"og:site_name\" content=\"Wizard\" \/>\n<meta property=\"article:publisher\" content=\"https:\/\/www.facebook.com\/WizardOzone\/\" \/>\n<meta property=\"article:modified_time\" content=\"2021-02-02T12:06:09+00:00\" \/>\n<meta name=\"twitter:card\" content=\"summary_large_image\" \/>\n<meta name=\"twitter:label1\" content=\"Gesch\u00e4tzte Lesezeit\" \/>\n\t<meta name=\"twitter:data1\" content=\"3\u00a0Minuten\" \/>\n<script type=\"application\/ld+json\" class=\"yoast-schema-graph\">{\"@context\":\"https:\\\/\\\/schema.org\",\"@graph\":[{\"@type\":\"WebPage\",\"@id\":\"https:\\\/\\\/wizard-technology.com\\\/de\\\/rueckgaberichtlinie\\\/\",\"url\":\"https:\\\/\\\/wizard-technology.com\\\/de\\\/rueckgaberichtlinie\\\/\",\"name\":\"R\u00fcckgaberichtlinie | Wizard\",\"isPartOf\":{\"@id\":\"https:\\\/\\\/wizard-technology.com\\\/de\\\/#website\"},\"datePublished\":\"2020-05-28T06:47:24+00:00\",\"dateModified\":\"2021-02-02T12:06:09+00:00\",\"breadcrumb\":{\"@id\":\"https:\\\/\\\/wizard-technology.com\\\/de\\\/rueckgaberichtlinie\\\/#breadcrumb\"},\"inLanguage\":\"de\",\"potentialAction\":[{\"@type\":\"ReadAction\",\"target\":[\"https:\\\/\\\/wizard-technology.com\\\/de\\\/rueckgaberichtlinie\\\/\"]}]},{\"@type\":\"BreadcrumbList\",\"@id\":\"https:\\\/\\\/wizard-technology.com\\\/de\\\/rueckgaberichtlinie\\\/#breadcrumb\",\"itemListElement\":[{\"@type\":\"ListItem\",\"position\":1,\"name\":\"Portada\",\"item\":\"https:\\\/\\\/wizard-technology.com\\\/de\\\/\"},{\"@type\":\"ListItem\",\"position\":2,\"name\":\"R\u00fcckgaberichtlinie\"}]},{\"@type\":\"WebSite\",\"@id\":\"https:\\\/\\\/wizard-technology.com\\\/de\\\/#website\",\"url\":\"https:\\\/\\\/wizard-technology.com\\\/de\\\/\",\"name\":\"Wizard\",\"description\":\"\",\"publisher\":{\"@id\":\"https:\\\/\\\/wizard-technology.com\\\/de\\\/#organization\"},\"potentialAction\":[{\"@type\":\"SearchAction\",\"target\":{\"@type\":\"EntryPoint\",\"urlTemplate\":\"https:\\\/\\\/wizard-technology.com\\\/de\\\/?s={search_term_string}\"},\"query-input\":{\"@type\":\"PropertyValueSpecification\",\"valueRequired\":true,\"valueName\":\"search_term_string\"}}],\"inLanguage\":\"de\"},{\"@type\":\"Organization\",\"@id\":\"https:\\\/\\\/wizard-technology.com\\\/de\\\/#organization\",\"name\":\"Wizard Technology\",\"url\":\"https:\\\/\\\/wizard-technology.com\\\/de\\\/\",\"logo\":{\"@type\":\"ImageObject\",\"inLanguage\":\"de\",\"@id\":\"https:\\\/\\\/wizard-technology.com\\\/de\\\/#\\\/schema\\\/logo\\\/image\\\/\",\"url\":\"https:\\\/\\\/wizard-technology.com\\\/wp-content\\\/uploads\\\/2020\\\/05\\\/Wizardozone-logo-1.png\",\"contentUrl\":\"https:\\\/\\\/wizard-technology.com\\\/wp-content\\\/uploads\\\/2020\\\/05\\\/Wizardozone-logo-1.png\",\"width\":181,\"height\":60,\"caption\":\"Wizard Technology\"},\"image\":{\"@id\":\"https:\\\/\\\/wizard-technology.com\\\/de\\\/#\\\/schema\\\/logo\\\/image\\\/\"},\"sameAs\":[\"https:\\\/\\\/www.facebook.com\\\/WizardOzone\\\/\",\"https:\\\/\\\/www.instagram.com\\\/wizardozone\\\/\",\"https:\\\/\\\/www.linkedin.com\\\/company\\\/wizard-ozone\\\/\"]}]}<\/script>\n<!-- \/ Yoast SEO plugin. -->","yoast_head_json":{"title":"R\u00fcckgaberichtlinie | Wizard","robots":{"index":"noindex","follow":"nofollow"},"og_locale":"de_DE","og_type":"article","og_title":"R\u00fcckgaberichtlinie | Wizard","og_description":"[vc_row][vc_column width=&#8220;1\/4&#8243;][\/vc_column][vc_column width=&#8220;1\/2&#8243;][vc_column_text] R\u00dcCKGABERICHTLINIE Im Falle eines Widerrufs folgen Sie den Anweisungen in\u00a0Abschnitt \u201cA\u201d. Im Falle von Bruch, Besch\u00e4digung durch","og_url":"https:\/\/wizard-technology.com\/de\/rueckgaberichtlinie\/","og_site_name":"Wizard","article_publisher":"https:\/\/www.facebook.com\/WizardOzone\/","article_modified_time":"2021-02-02T12:06:09+00:00","twitter_card":"summary_large_image","twitter_misc":{"Gesch\u00e4tzte Lesezeit":"3\u00a0Minuten"},"schema":{"@context":"https:\/\/schema.org","@graph":[{"@type":"WebPage","@id":"https:\/\/wizard-technology.com\/de\/rueckgaberichtlinie\/","url":"https:\/\/wizard-technology.com\/de\/rueckgaberichtlinie\/","name":"R\u00fcckgaberichtlinie | Wizard","isPartOf":{"@id":"https:\/\/wizard-technology.com\/de\/#website"},"datePublished":"2020-05-28T06:47:24+00:00","dateModified":"2021-02-02T12:06:09+00:00","breadcrumb":{"@id":"https:\/\/wizard-technology.com\/de\/rueckgaberichtlinie\/#breadcrumb"},"inLanguage":"de","potentialAction":[{"@type":"ReadAction","target":["https:\/\/wizard-technology.com\/de\/rueckgaberichtlinie\/"]}]},{"@type":"BreadcrumbList","@id":"https:\/\/wizard-technology.com\/de\/rueckgaberichtlinie\/#breadcrumb","itemListElement":[{"@type":"ListItem","position":1,"name":"Portada","item":"https:\/\/wizard-technology.com\/de\/"},{"@type":"ListItem","position":2,"name":"R\u00fcckgaberichtlinie"}]},{"@type":"WebSite","@id":"https:\/\/wizard-technology.com\/de\/#website","url":"https:\/\/wizard-technology.com\/de\/","name":"Wizard","description":"","publisher":{"@id":"https:\/\/wizard-technology.com\/de\/#organization"},"potentialAction":[{"@type":"SearchAction","target":{"@type":"EntryPoint","urlTemplate":"https:\/\/wizard-technology.com\/de\/?s={search_term_string}"},"query-input":{"@type":"PropertyValueSpecification","valueRequired":true,"valueName":"search_term_string"}}],"inLanguage":"de"},{"@type":"Organization","@id":"https:\/\/wizard-technology.com\/de\/#organization","name":"Wizard Technology","url":"https:\/\/wizard-technology.com\/de\/","logo":{"@type":"ImageObject","inLanguage":"de","@id":"https:\/\/wizard-technology.com\/de\/#\/schema\/logo\/image\/","url":"https:\/\/wizard-technology.com\/wp-content\/uploads\/2020\/05\/Wizardozone-logo-1.png","contentUrl":"https:\/\/wizard-technology.com\/wp-content\/uploads\/2020\/05\/Wizardozone-logo-1.png","width":181,"height":60,"caption":"Wizard Technology"},"image":{"@id":"https:\/\/wizard-technology.com\/de\/#\/schema\/logo\/image\/"},"sameAs":["https:\/\/www.facebook.com\/WizardOzone\/","https:\/\/www.instagram.com\/wizardozone\/","https:\/\/www.linkedin.com\/company\/wizard-ozone\/"]}]}},"_links":{"self":[{"href":"https:\/\/wizard-technology.com\/de\/wp-json\/wp\/v2\/pages\/1467","targetHints":{"allow":["GET"]}}],"collection":[{"href":"https:\/\/wizard-technology.com\/de\/wp-json\/wp\/v2\/pages"}],"about":[{"href":"https:\/\/wizard-technology.com\/de\/wp-json\/wp\/v2\/types\/page"}],"author":[{"embeddable":true,"href":"https:\/\/wizard-technology.com\/de\/wp-json\/wp\/v2\/users\/1"}],"replies":[{"embeddable":true,"href":"https:\/\/wizard-technology.com\/de\/wp-json\/wp\/v2\/comments?post=1467"}],"version-history":[{"count":4,"href":"https:\/\/wizard-technology.com\/de\/wp-json\/wp\/v2\/pages\/1467\/revisions"}],"predecessor-version":[{"id":7823,"href":"https:\/\/wizard-technology.com\/de\/wp-json\/wp\/v2\/pages\/1467\/revisions\/7823"}],"wp:attachment":[{"href":"https:\/\/wizard-technology.com\/de\/wp-json\/wp\/v2\/media?parent=1467"}],"curies":[{"name":"wp","href":"https:\/\/api.w.org\/{rel}","templated":true}]}}